{"id":28486,"date":"2023-06-09T12:28:08","date_gmt":"2023-06-09T10:28:08","guid":{"rendered":"https:\/\/marketingpamplonaenproceso.com\/bedda\/?page_id=28486"},"modified":"2024-02-12T11:24:32","modified_gmt":"2024-02-12T10:24:32","slug":"blog","status":"publish","type":"page","link":"https:\/\/agenciaseolocal.eu\/bedda\/blog\/","title":{"rendered":"Blog"},"content":{"rendered":"\n[et_pb_section fb_built=&#8221;1&#8243; custom_padding_last_edited=&#8221;on|phone&#8221; _builder_version=&#8221;4.21.0&#8243; _module_preset=&#8221;default&#8221; background_color=&#8221;rgba(104,105,112,0.8)&#8221; background_image=&#8221;https:\/\/agenciaseolocal.eu\/bedda\/wp-content\/uploads\/2023\/04\/slider.jpg&#8221; background_repeat=&#8221;repeat&#8221; background_blend=&#8221;multiply&#8221; custom_margin=&#8221;||||false|false&#8221; custom_padding=&#8221;75px||75px||true|false&#8221; custom_padding_tablet=&#8221;75px||75px||true|false&#8221; custom_padding_phone=&#8221;35px||35px||true|false&#8221; locked=&#8221;off&#8221; global_colors_info=&#8221;{}&#8221;][et_pb_row _builder_version=&#8221;4.21.0&#8243; _module_preset=&#8221;default&#8221; global_colors_info=&#8221;{}&#8221;][et_pb_column type=&#8221;4_4&#8243; _builder_version=&#8221;4.21.0&#8243; _module_preset=&#8221;default&#8221; global_colors_info=&#8221;{}&#8221;][et_pb_post_title meta=&#8221;off&#8221; featured_image=&#8221;off&#8221; _builder_version=&#8221;4.21.0&#8243; _module_preset=&#8221;default&#8221; title_text_color=&#8221;#FFFFFF&#8221; meta_font=&#8221;catalish-huntera||||||||&#8221; meta_text_color=&#8221;#FFFFFF&#8221; text_orientation=&#8221;center&#8221; custom_margin=&#8221;15px||||false|false&#8221; title_font_size_tablet=&#8221;&#8221; title_font_size_phone=&#8221;30px&#8221; title_font_size_last_edited=&#8221;on|phone&#8221; custom_css_post_meta=&#8221;margin-top:2%&#8221; title_text_shadow_style=&#8221;preset3&#8243; locked=&#8221;off&#8221; global_colors_info=&#8221;{}&#8221;][\/et_pb_post_title][et_pb_text _builder_version=&#8221;4.21.0&#8243; _module_preset=&#8221;default&#8221; text_font=&#8221;catalish-huntera||||||||&#8221; text_text_color=&#8221;#FFFFFF&#8221; text_font_size=&#8221;20px&#8221; header_text_color=&#8221;#FFFFFF&#8221; text_orientation=&#8221;center&#8221; text_font_size_tablet=&#8221;20px&#8221; text_font_size_phone=&#8221;18px&#8221; text_font_size_last_edited=&#8221;on|phone&#8221; text_text_shadow_style=&#8221;preset3&#8243; header_text_shadow_style=&#8221;preset3&#8243; global_colors_info=&#8221;{}&#8221;]<p>No te pierdas nada<\/p>[\/et_pb_text][\/et_pb_column][\/et_pb_row][\/et_pb_section][et_pb_section fb_built=&#8221;1&#8243; custom_padding_last_edited=&#8221;on|phone&#8221; module_id=&#8221;hp-v2-sec1&#8243; module_class=&#8221;hp-v2&#8243; _builder_version=&#8221;4.21.0&#8243; custom_margin=&#8221;||||false|false&#8221; custom_padding=&#8221;30px||70px||false|false&#8221; custom_padding_tablet=&#8221;30px||70px||false|false&#8221; custom_padding_phone=&#8221;15px|7px|0px|7px|false|true&#8221; top_divider_flip=&#8221;vertical&#8221; bottom_divider_color=&#8221;rgba(191,155,48,0.15)&#8221; bottom_divider_height=&#8221;120px&#8221; bottom_divider_flip=&#8221;vertical&#8221; locked=&#8221;off&#8221; global_colors_info=&#8221;{}&#8221;][et_pb_row column_structure=&#8221;1_3,2_3&#8243; use_custom_gutter=&#8221;on&#8221; _builder_version=&#8221;4.21.0&#8243; _module_preset=&#8221;default&#8221; width=&#8221;95%&#8221; custom_padding=&#8221;||0px|||&#8221; global_colors_info=&#8221;{}&#8221;][et_pb_column type=&#8221;1_3&#8243; _builder_version=&#8221;4.21.0&#8243; _module_preset=&#8221;default&#8221; sticky_position=&#8221;top&#8221; sticky_limit_bottom=&#8221;row&#8221; sticky_position_tablet=&#8221;top&#8221; sticky_position_phone=&#8221;none&#8221; sticky_position_last_edited=&#8221;on|phone&#8221; global_colors_info=&#8221;{}&#8221;][et_pb_text _builder_version=&#8221;4.21.0&#8243; text_font=&#8221;Caveat|700|||||||&#8221; text_text_color=&#8221;#0382ca&#8221; text_font_size=&#8221;25px&#8221; text_letter_spacing=&#8221;1px&#8221; header_font=&#8221;||||||||&#8221; header_text_align=&#8221;left&#8221; header_text_color=&#8221;#333333&#8243; header_2_font=&#8221;|700|||||||&#8221; header_2_font_size=&#8221;24px&#8221; header_3_font=&#8221;Montserrat|700|||||||&#8221; header_3_text_color=&#8221;#333333&#8243; header_3_font_size=&#8221;35px&#8221; header_3_line_height=&#8221;45px&#8221; custom_margin=&#8221;10%||5%||false|false&#8221; custom_margin_tablet=&#8221;10%||5%||false|false&#8221; custom_margin_phone=&#8221;0%||5%||false|false&#8221; custom_margin_last_edited=&#8221;on|phone&#8221; custom_padding=&#8221;||||false|false&#8221; animation_direction=&#8221;right&#8221; header_2_font_size_tablet=&#8221;40px&#8221; header_2_font_size_phone=&#8221;35px&#8221; header_2_font_size_last_edited=&#8221;off|desktop&#8221; global_colors_info=&#8221;{}&#8221;]<h2 style=\"text-align: left;\">Datos de contacto<\/h2>[\/et_pb_text][et_pb_blurb use_icon=&#8221;on&#8221; font_icon=&#8221;&#xe00b;||divi||400&#8243; icon_placement=&#8221;left&#8221; _builder_version=&#8221;4.21.0&#8243; _module_preset=&#8221;default&#8221; body_text_align=&#8221;left&#8221; body_text_color=&#8221;#FFFFFF&#8221; body_font_size=&#8221;16px&#8221; animation=&#8221;off&#8221; global_colors_info=&#8221;{}&#8221;]<a style=\"color: #767676;\" target=\"_blank\" href=\"tel:685 68 42 14\" rel=\"noopener\">685 68 42 14<\/a>[\/et_pb_blurb][et_pb_blurb use_icon=&#8221;on&#8221; font_icon=&#8221;&#xe010;||divi||400&#8243; icon_placement=&#8221;left&#8221; _builder_version=&#8221;4.21.0&#8243; _module_preset=&#8221;default&#8221; body_text_align=&#8221;left&#8221; body_text_color=&#8221;#FFFFFF&#8221; body_font_size=&#8221;16px&#8221; custom_margin_tablet=&#8221;&#8221; custom_margin_phone=&#8221;5%||5%||true|false&#8221; custom_margin_last_edited=&#8221;on|phone&#8221; animation=&#8221;off&#8221; global_colors_info=&#8221;{}&#8221;]<p><a style=\"color: #767676;\" target=\"_blank\" href=\"mailto:clientes@centrosbedda.com\" rel=\"noopener\">clientes@centrosbedda.com<\/a><\/p>[\/et_pb_blurb][et_pb_social_media_follow icon_color=&#8221;#FFFFFF&#8221; _builder_version=&#8221;4.21.0&#8243; _module_preset=&#8221;default&#8221; border_radii=&#8221;on|20px|20px|20px|20px&#8221; locked=&#8221;off&#8221; global_colors_info=&#8221;{}&#8221; icon_color__hover_enabled=&#8221;off|desktop&#8221; icon_color__hover=&#8221;#bb9495&#8243;][et_pb_social_media_follow_network social_network=&#8221;instagram&#8221; url=&#8221;https:\/\/www.instagram.com\/centrosbedda\/?hl=es&#8221; _builder_version=&#8221;4.21.0&#8243; _module_preset=&#8221;default&#8221; background_color=&#8221;#ff0070&#8243; background_enable_color=&#8221;on&#8221; global_colors_info=&#8221;{}&#8221; background_color__hover=&#8221;#686970&#8243; background__hover_enabled=&#8221;on|desktop&#8221; background_enable_color__hover=&#8221;on&#8221; follow_button=&#8221;off&#8221; url_new_window=&#8221;on&#8221;]instagram[\/et_pb_social_media_follow_network][et_pb_social_media_follow_network social_network=&#8221;facebook&#8221; url=&#8221;https:\/\/www.facebook.com\/centrobedda&#8221; _builder_version=&#8221;4.21.0&#8243; _module_preset=&#8221;default&#8221; background_color=&#8221;#ff0070&#8243; background_enable_color=&#8221;on&#8221; global_colors_info=&#8221;{}&#8221; background_color__hover=&#8221;#686970&#8243; background_enable_color__hover=&#8221;on&#8221; background__hover_enabled=&#8221;on|desktop&#8221; follow_button=&#8221;off&#8221; url_new_window=&#8221;on&#8221;]facebook[\/et_pb_social_media_follow_network][et_pb_social_media_follow_network social_network=&#8221;twitter&#8221; url=&#8221;https:\/\/twitter.com\/centrosbedda?lang=es&#8221; _builder_version=&#8221;4.21.0&#8243; _module_preset=&#8221;default&#8221; background_color=&#8221;#ff0070&#8243; background_enable_color=&#8221;on&#8221; global_colors_info=&#8221;{}&#8221; background_color__hover=&#8221;#686970&#8243; background_enable_color__hover=&#8221;on&#8221; background__hover_enabled=&#8221;on|desktop&#8221; follow_button=&#8221;off&#8221; url_new_window=&#8221;on&#8221;]twitter[\/et_pb_social_media_follow_network][et_pb_social_media_follow_network social_network=&#8221;linkedin&#8221; url=&#8221;https:\/\/www.linkedin.com\/company\/centros-bedda\/&#8221; _builder_version=&#8221;4.21.0&#8243; _module_preset=&#8221;default&#8221; background_color=&#8221;#ff0070&#8243; background_enable_color=&#8221;on&#8221; global_colors_info=&#8221;{}&#8221; background_color__hover=&#8221;#686970&#8243; background_enable_color__hover=&#8221;on&#8221; background__hover_enabled=&#8221;on|desktop&#8221; follow_button=&#8221;off&#8221; url_new_window=&#8221;on&#8221;]linkedin[\/et_pb_social_media_follow_network][et_pb_social_media_follow_network social_network=&#8221;youtube&#8221; url=&#8221;https:\/\/www.youtube.com\/channel\/UCV57tDnQcnHfTici1funk4g?app=desktop&#8221; _builder_version=&#8221;4.21.0&#8243; _module_preset=&#8221;default&#8221; background_color=&#8221;#ff0070&#8243; background_enable_color=&#8221;on&#8221; global_colors_info=&#8221;{}&#8221; background_color__hover=&#8221;#686970&#8243; background_enable_color__hover=&#8221;on&#8221; background__hover_enabled=&#8221;on|desktop&#8221; follow_button=&#8221;off&#8221; url_new_window=&#8221;on&#8221;]youtube[\/et_pb_social_media_follow_network][\/et_pb_social_media_follow][et_pb_text _builder_version=&#8221;4.21.0&#8243; text_font=&#8221;Caveat|700|||||||&#8221; text_text_color=&#8221;#0382ca&#8221; text_font_size=&#8221;25px&#8221; text_letter_spacing=&#8221;1px&#8221; header_font=&#8221;||||||||&#8221; header_text_align=&#8221;left&#8221; header_text_color=&#8221;#333333&#8243; header_2_font=&#8221;|700|||||||&#8221; header_2_font_size=&#8221;24px&#8221; header_3_font=&#8221;Montserrat|700|||||||&#8221; header_3_text_color=&#8221;#333333&#8243; header_3_font_size=&#8221;35px&#8221; header_3_line_height=&#8221;45px&#8221; custom_margin=&#8221;10%||1%||false|false&#8221; custom_padding=&#8221;||||false|false&#8221; animation_direction=&#8221;right&#8221; header_2_font_size_tablet=&#8221;40px&#8221; header_2_font_size_phone=&#8221;35px&#8221; header_2_font_size_last_edited=&#8221;off|desktop&#8221; global_colors_info=&#8221;{}&#8221;]<h2 style=\"text-align: left;\">Tratamientos<\/h2>[\/et_pb_text][et_pb_text _builder_version=&#8221;4.22.2&#8243; _module_preset=&#8221;default&#8221; hover_enabled=&#8221;0&#8243; saved_tabs=&#8221;all&#8221; global_colors_info=&#8221;{}&#8221; sticky_enabled=&#8221;0&#8243;]<p><a style=\"color: #686970;\" href=\"https:\/\/agenciaseolocal.eu\/bedda\/\">Centros bedda<\/a><br \/><a style=\"color: #686970;\" href=\"https:\/\/agenciaseolocal.eu\/bedda\/depilacion-laser\/\">Depilaci\u00f3n l\u00e1ser Diodo<\/a><br \/><a style=\"color: #686970;\" href=\"https:\/\/agenciaseolocal.eu\/bedda\/depilacion-laser-mujer\/\">Depilaci\u00f3n l\u00e1ser mujer<\/a><br \/><a style=\"color: #686970;\" href=\"https:\/\/agenciaseolocal.eu\/bedda\/depilacion-laser-hombre\/\">Depilaci\u00f3n l\u00e1ser hombre<\/a><br \/><a style=\"color: #686970;\" href=\"https:\/\/agenciaseolocal.eu\/bedda\/medicina-estetica\/\">Medicina est\u00e9tica<\/a><br \/><a style=\"color: #686970;\" href=\"https:\/\/agenciaseolocal.eu\/bedda\/estetica-premium\/\">Est\u00e9tica Premium<\/a><\/p>[\/et_pb_text][\/et_pb_column][et_pb_column type=&#8221;2_3&#8243; _builder_version=&#8221;4.21.0&#8243; _module_preset=&#8221;default&#8221; global_colors_info=&#8221;{}&#8221;][et_pb_blog fullwidth=&#8221;off&#8221; posts_number=&#8221;100&#8243; include_categories=&#8221;51&#8243; excerpt_length=&#8221;125&#8243; show_more=&#8221;on&#8221; show_author=&#8221;off&#8221; show_categories=&#8221;off&#8221; masonry_tile_background_color=&#8221;#f1f1f1&#8243; module_class=&#8221;et-custom-read-more-text&#8221; _builder_version=&#8221;4.21.0&#8243; _module_preset=&#8221;default&#8221; header_level=&#8221;h3&#8243; header_font=&#8221;|700|||||||&#8221; header_font_size=&#8221;23px&#8221; meta_font=&#8221;catalish-huntera||||||||&#8221; meta_text_color=&#8221;#ff4a8a&#8221; meta_font_size=&#8221;18px&#8221; read_more_font=&#8221;Caveat||||||||&#8221; read_more_font_size=&#8221;25px&#8221; background_enable_color=&#8221;off&#8221; z_index=&#8221;2&#8243; custom_css_title=&#8221;margin-left:5%;||margin-right:5%;&#8221; custom_css_content=&#8221;margin-left:5%;||margin-right:5%;||margin-bottom:5%!important;&#8221; custom_css_post_meta=&#8221;margin-left:5%;||margin-right:5%;&#8221; custom_css_read_more=&#8221;padding-top:13%!important;||margin-top:13%!important;&#8221; border_radii=&#8221;on|10px|10px|10px|10px&#8221; border_width_all=&#8221;0px&#8221; box_shadow_style=&#8221;preset1&#8243; global_colors_info=&#8221;{}&#8221;][\/et_pb_blog][et_pb_code admin_label=&#8221;boton flotante&#8221; _builder_version=&#8221;4.21.0&#8243; _module_preset=&#8221;default&#8221; locked=&#8221;off&#8221; global_colors_info=&#8221;{}&#8221;]<!--boton flotante--><!-- [et_pb_line_break_holder] --><a style=\"z-index:99999 !important;\" href=\"#formulario-footer\" class=\"btn-flotante\">Sesi\u00f3n GRATIS<\/a>[\/et_pb_code][et_pb_code _builder_version=&#8221;4.21.0&#8243; _module_preset=&#8221;default&#8221; global_colors_info=&#8221;{}&#8221;]<script><!-- [et_pb_line_break_holder] -->(function ($) {<!-- [et_pb_line_break_holder] -->  $(document).on(\"ready ajaxComplete\", function () {<!-- [et_pb_line_break_holder] -->    $(\".et-custom-read-more-text .et_pb_post a.more-link\").html(\"Seguir leyendo \u2192\");<!-- [et_pb_line_break_holder] -->  });<!-- [et_pb_line_break_holder] -->})(jQuery);<!-- [et_pb_line_break_holder] --><\/script><!-- [et_pb_line_break_holder] --><!-- [et_pb_line_break_holder] --><!-- [et_pb_line_break_holder] --><!-- igualar altura cajas --><!-- [et_pb_line_break_holder] --><style>  <!-- [et_pb_line_break_holder] -->  @media all and (min-width: 981px) {<!-- [et_pb_line_break_holder] --><!-- [et_pb_line_break_holder] -->.et-custom-read-more-text .et_pb_post {<!-- [et_pb_line_break_holder] -->min-height: 600px;<!-- [et_pb_line_break_holder] --><!-- [et_pb_line_break_holder] -->}<!-- [et_pb_line_break_holder] -->}<!-- [et_pb_line_break_holder] --><\/style><!-- [et_pb_line_break_holder] -->[\/et_pb_code][\/et_pb_column][\/et_pb_row][\/et_pb_section]\n","protected":false},"excerpt":{"rendered":"<p>No te pierdas nadaDatos de contacto685 68 42 14clientes@centrosbedda.comTratamientosCentros beddaDepilaci\u00f3n l\u00e1ser DiodoDepilaci\u00f3n l\u00e1ser mujerDepilaci\u00f3n l\u00e1ser hombreMedicina est\u00e9ticaEst\u00e9tica Premium<\/p>\n","protected":false},"author":3,"featured_media":987514863,"parent":0,"menu_order":0,"comment_status":"closed","ping_status":"closed","template":"","meta":{"_et_pb_use_builder":"on","_et_pb_old_content":"","_et_gb_content_width":"","_joinchat":[],"footnotes":""},"class_list":["post-28486","page","type-page","status-publish","has-post-thumbnail","hentry"],"yoast_head":"<!-- This site is optimized with the Yoast SEO plugin v25.9 - https:\/\/yoast.com\/wordpress\/plugins\/seo\/ -->\n<title>Blog sobre depilaci\u00f3n l\u00e1ser y est\u00e9tica | Centros bedda<\/title>\n<meta name=\"description\" content=\"Descubre todo sobre depilaci\u00f3n l\u00e1ser y belleza en nuestro blog de Centros bedda. \u00a1Consejos, tendencias y mucho m\u00e1s para ti!\" \/>\n<meta name=\"robots\" content=\"noindex, follow, max-snippet:-1, max-image-preview:large, max-video-preview:-1\" \/>\n<meta property=\"og:locale\" content=\"es_ES\" \/>\n<meta property=\"og:type\" content=\"article\" \/>\n<meta property=\"og:title\" content=\"Blog sobre depilaci\u00f3n l\u00e1ser y est\u00e9tica | Centros bedda\" \/>\n<meta property=\"og:description\" content=\"Descubre todo sobre depilaci\u00f3n l\u00e1ser y belleza en nuestro blog de Centros bedda. \u00a1Consejos, tendencias y mucho m\u00e1s para ti!\" \/>\n<meta property=\"og:url\" content=\"https:\/\/agenciaseolocal.eu\/bedda\/blog\/\" \/>\n<meta property=\"og:site_name\" content=\"Centros bedda\" \/>\n<meta property=\"article:publisher\" content=\"https:\/\/www.facebook.com\/centrobedda\" \/>\n<meta property=\"article:modified_time\" content=\"2024-02-12T10:24:32+00:00\" \/>\n<meta property=\"og:image\" content=\"https:\/\/agenciaseolocal.eu\/bedda\/wp-content\/uploads\/2024\/02\/blog-destacada.jpeg\" \/>\n\t<meta property=\"og:image:width\" content=\"1200\" \/>\n\t<meta property=\"og:image:height\" content=\"692\" \/>\n\t<meta property=\"og:image:type\" content=\"image\/jpeg\" \/>\n<meta name=\"twitter:card\" content=\"summary_large_image\" \/>\n<meta name=\"twitter:site\" content=\"@centrosbedda\" \/>\n<meta name=\"twitter:label1\" content=\"Tiempo de lectura\" \/>\n\t<meta name=\"twitter:data1\" content=\"14 minutos\" \/>\n<!-- \/ Yoast SEO plugin. -->","yoast_head_json":{"title":"Blog sobre depilaci\u00f3n l\u00e1ser y est\u00e9tica | Centros bedda","description":"Descubre todo sobre depilaci\u00f3n l\u00e1ser y belleza en nuestro blog de Centros bedda. \u00a1Consejos, tendencias y mucho m\u00e1s para ti!","robots":{"index":"noindex","follow":"follow","max-snippet":"max-snippet:-1","max-image-preview":"max-image-preview:large","max-video-preview":"max-video-preview:-1"},"og_locale":"es_ES","og_type":"article","og_title":"Blog sobre depilaci\u00f3n l\u00e1ser y est\u00e9tica | Centros bedda","og_description":"Descubre todo sobre depilaci\u00f3n l\u00e1ser y belleza en nuestro blog de Centros bedda. \u00a1Consejos, tendencias y mucho m\u00e1s para ti!","og_url":"https:\/\/agenciaseolocal.eu\/bedda\/blog\/","og_site_name":"Centros bedda","article_publisher":"https:\/\/www.facebook.com\/centrobedda","article_modified_time":"2024-02-12T10:24:32+00:00","og_image":[{"width":1200,"height":692,"url":"https:\/\/agenciaseolocal.eu\/bedda\/wp-content\/uploads\/2024\/02\/blog-destacada.jpeg","type":"image\/jpeg"}],"twitter_card":"summary_large_image","twitter_site":"@centrosbedda","twitter_misc":{"Tiempo de lectura":"14 minutos"},"schema":{"@context":"https:\/\/schema.org","@graph":[{"@type":"WebPage","@id":"https:\/\/agenciaseolocal.eu\/bedda\/blog\/","url":"https:\/\/agenciaseolocal.eu\/bedda\/blog\/","name":"Blog sobre depilaci\u00f3n l\u00e1ser y est\u00e9tica | Centros bedda","isPartOf":{"@id":"https:\/\/agenciaseolocal.eu\/bedda\/#website"},"primaryImageOfPage":{"@id":"https:\/\/agenciaseolocal.eu\/bedda\/blog\/#primaryimage"},"image":{"@id":"https:\/\/agenciaseolocal.eu\/bedda\/blog\/#primaryimage"},"thumbnailUrl":"https:\/\/agenciaseolocal.eu\/bedda\/wp-content\/uploads\/2024\/02\/blog-destacada.jpeg","datePublished":"2023-06-09T10:28:08+00:00","dateModified":"2024-02-12T10:24:32+00:00","description":"Descubre todo sobre depilaci\u00f3n l\u00e1ser y belleza en nuestro blog de Centros bedda. \u00a1Consejos, tendencias y mucho m\u00e1s para ti!","breadcrumb":{"@id":"https:\/\/agenciaseolocal.eu\/bedda\/blog\/#breadcrumb"},"inLanguage":"es","potentialAction":[{"@type":"ReadAction","target":["https:\/\/agenciaseolocal.eu\/bedda\/blog\/"]}]},{"@type":"ImageObject","inLanguage":"es","@id":"https:\/\/agenciaseolocal.eu\/bedda\/blog\/#primaryimage","url":"https:\/\/agenciaseolocal.eu\/bedda\/wp-content\/uploads\/2024\/02\/blog-destacada.jpeg","contentUrl":"https:\/\/agenciaseolocal.eu\/bedda\/wp-content\/uploads\/2024\/02\/blog-destacada.jpeg","width":1200,"height":692,"caption":"blog destacada"},{"@type":"BreadcrumbList","@id":"https:\/\/agenciaseolocal.eu\/bedda\/blog\/#breadcrumb","itemListElement":[{"@type":"ListItem","position":1,"name":"Portada","item":"https:\/\/agenciaseolocal.eu\/bedda\/"},{"@type":"ListItem","position":2,"name":"Blog"}]},{"@type":"WebSite","@id":"https:\/\/agenciaseolocal.eu\/bedda\/#website","url":"https:\/\/agenciaseolocal.eu\/bedda\/","name":"Centros bedda","description":"Centro de depilaci\u00f3n l\u00e1ser","publisher":{"@id":"https:\/\/agenciaseolocal.eu\/bedda\/#organization"},"potentialAction":[{"@type":"SearchAction","target":{"@type":"EntryPoint","urlTemplate":"https:\/\/agenciaseolocal.eu\/bedda\/?s={search_term_string}"},"query-input":{"@type":"PropertyValueSpecification","valueRequired":true,"valueName":"search_term_string"}}],"inLanguage":"es"},{"@type":"Organization","@id":"https:\/\/agenciaseolocal.eu\/bedda\/#organization","name":"Centros bedda","url":"https:\/\/agenciaseolocal.eu\/bedda\/","logo":{"@type":"ImageObject","inLanguage":"es","@id":"https:\/\/agenciaseolocal.eu\/bedda\/#\/schema\/logo\/image\/","url":"https:\/\/agenciaseolocal.eu\/bedda\/wp-content\/uploads\/2024\/04\/centros-bedda-depilacion-laser-logo.png","contentUrl":"https:\/\/agenciaseolocal.eu\/bedda\/wp-content\/uploads\/2024\/04\/centros-bedda-depilacion-laser-logo.png","width":220,"height":220,"caption":"Centros bedda"},"image":{"@id":"https:\/\/agenciaseolocal.eu\/bedda\/#\/schema\/logo\/image\/"},"sameAs":["https:\/\/www.facebook.com\/centrobedda","https:\/\/x.com\/centrosbedda","https:\/\/www.youtube.com\/channel\/UCV57tDnQcnHfTici1funk4g?app=desktop","https:\/\/www.instagram.com\/centrosbedda\/","https:\/\/www.linkedin.com\/company\/centros-bedda\/"]}]}},"_links":{"self":[{"href":"https:\/\/agenciaseolocal.eu\/bedda\/wp-json\/wp\/v2\/pages\/28486","targetHints":{"allow":["GET"]}}],"collection":[{"href":"https:\/\/agenciaseolocal.eu\/bedda\/wp-json\/wp\/v2\/pages"}],"about":[{"href":"https:\/\/agenciaseolocal.eu\/bedda\/wp-json\/wp\/v2\/types\/page"}],"author":[{"embeddable":true,"href":"https:\/\/agenciaseolocal.eu\/bedda\/wp-json\/wp\/v2\/users\/3"}],"replies":[{"embeddable":true,"href":"https:\/\/agenciaseolocal.eu\/bedda\/wp-json\/wp\/v2\/comments?post=28486"}],"version-history":[{"count":1,"href":"https:\/\/agenciaseolocal.eu\/bedda\/wp-json\/wp\/v2\/pages\/28486\/revisions"}],"predecessor-version":[{"id":987514864,"href":"https:\/\/agenciaseolocal.eu\/bedda\/wp-json\/wp\/v2\/pages\/28486\/revisions\/987514864"}],"wp:featuredmedia":[{"embeddable":true,"href":"https:\/\/agenciaseolocal.eu\/bedda\/wp-json\/wp\/v2\/media\/987514863"}],"wp:attachment":[{"href":"https:\/\/agenciaseolocal.eu\/bedda\/wp-json\/wp\/v2\/media?parent=28486"}],"curies":[{"name":"wp","href":"https:\/\/api.w.org\/{rel}","templated":true}]}}