{"id":903,"date":"2023-05-23T13:38:32","date_gmt":"2023-05-23T11:38:32","guid":{"rendered":"https:\/\/marketingpamplonaenproceso.com\/bedda\/?page_id=903"},"modified":"2023-05-23T13:38:34","modified_gmt":"2023-05-23T11:38:34","slug":"trabaja-con-nosotros","status":"publish","type":"page","link":"https:\/\/agenciaseolocal.eu\/bedda\/trabaja-con-nosotros\/","title":{"rendered":"Trabaja con nosotros"},"content":{"rendered":"\n<p>Tienes la oportunidad de desarrollarte profesionalmente en un entorno donde t\u00fa eres qui\u00e9n pone el l\u00edmite a tu crecimiento.<\/p>\n\n\n\n<p>Env\u00edanos tus datos si est\u00e1s interesado para trabajar en Centros bedda:&nbsp;recursoshumanos@centrosbedda.com<\/p>\n\n\n\n<p>No olvides incluir tus datos de contacto y CV.&nbsp;<\/p>\n","protected":false},"excerpt":{"rendered":"<p>Tienes la oportunidad de desarrollarte profesionalmente en un entorno donde t\u00fa eres qui\u00e9n pone el l\u00edmite a tu crecimiento. Env\u00edanos tus datos si est\u00e1s interesado para trabajar en Centros bedda:&nbsp;recursoshumanos@centrosbedda.com No olvides incluir tus datos de contacto y CV.&nbsp;<\/p>\n","protected":false},"author":3,"featured_media":0,"parent":0,"menu_order":0,"comment_status":"closed","ping_status":"closed","template":"","meta":{"_et_pb_use_builder":"off","_et_pb_old_content":"","_et_gb_content_width":"","_joinchat":[],"footnotes":""},"class_list":["post-903","page","type-page","status-publish","hentry"],"yoast_head":"<!-- This site is optimized with the Yoast SEO plugin v25.9 - https:\/\/yoast.com\/wordpress\/plugins\/seo\/ -->\n<title>Trabaja con nosotros - Centros bedda<\/title>\n<meta name=\"robots\" content=\"noindex, follow, max-snippet:-1, max-image-preview:large, max-video-preview:-1\" \/>\n<meta property=\"og:locale\" content=\"es_ES\" \/>\n<meta property=\"og:type\" content=\"article\" \/>\n<meta property=\"og:title\" content=\"Trabaja con nosotros - Centros bedda\" \/>\n<meta property=\"og:description\" content=\"Tienes la oportunidad de desarrollarte profesionalmente en un entorno donde t\u00fa eres qui\u00e9n pone el l\u00edmite a tu crecimiento. Env\u00edanos tus datos si est\u00e1s interesado para trabajar en Centros bedda:&nbsp;recursoshumanos@centrosbedda.com No olvides incluir tus datos de contacto y CV.&nbsp;\" \/>\n<meta property=\"og:url\" content=\"https:\/\/agenciaseolocal.eu\/bedda\/trabaja-con-nosotros\/\" \/>\n<meta property=\"og:site_name\" content=\"Centros bedda\" \/>\n<meta property=\"article:publisher\" content=\"https:\/\/www.facebook.com\/centrobedda\" \/>\n<meta property=\"article:modified_time\" content=\"2023-05-23T11:38:34+00:00\" \/>\n<meta name=\"twitter:card\" content=\"summary_large_image\" \/>\n<meta name=\"twitter:site\" content=\"@centrosbedda\" \/>\n<meta name=\"twitter:label1\" content=\"Tiempo de lectura\" \/>\n\t<meta name=\"twitter:data1\" content=\"1 minuto\" \/>\n<!-- \/ Yoast SEO plugin. -->","yoast_head_json":{"title":"Trabaja con nosotros - Centros bedda","robots":{"index":"noindex","follow":"follow","max-snippet":"max-snippet:-1","max-image-preview":"max-image-preview:large","max-video-preview":"max-video-preview:-1"},"og_locale":"es_ES","og_type":"article","og_title":"Trabaja con nosotros - Centros bedda","og_description":"Tienes la oportunidad de desarrollarte profesionalmente en un entorno donde t\u00fa eres qui\u00e9n pone el l\u00edmite a tu crecimiento. Env\u00edanos tus datos si est\u00e1s interesado para trabajar en Centros bedda:&nbsp;recursoshumanos@centrosbedda.com No olvides incluir tus datos de contacto y CV.&nbsp;","og_url":"https:\/\/agenciaseolocal.eu\/bedda\/trabaja-con-nosotros\/","og_site_name":"Centros bedda","article_publisher":"https:\/\/www.facebook.com\/centrobedda","article_modified_time":"2023-05-23T11:38:34+00:00","twitter_card":"summary_large_image","twitter_site":"@centrosbedda","twitter_misc":{"Tiempo de lectura":"1 minuto"},"schema":{"@context":"https:\/\/schema.org","@graph":[{"@type":"WebPage","@id":"https:\/\/agenciaseolocal.eu\/bedda\/trabaja-con-nosotros\/","url":"https:\/\/agenciaseolocal.eu\/bedda\/trabaja-con-nosotros\/","name":"Trabaja con nosotros - Centros bedda","isPartOf":{"@id":"https:\/\/agenciaseolocal.eu\/bedda\/#website"},"datePublished":"2023-05-23T11:38:32+00:00","dateModified":"2023-05-23T11:38:34+00:00","breadcrumb":{"@id":"https:\/\/agenciaseolocal.eu\/bedda\/trabaja-con-nosotros\/#breadcrumb"},"inLanguage":"es","potentialAction":[{"@type":"ReadAction","target":["https:\/\/agenciaseolocal.eu\/bedda\/trabaja-con-nosotros\/"]}]},{"@type":"BreadcrumbList","@id":"https:\/\/agenciaseolocal.eu\/bedda\/trabaja-con-nosotros\/#breadcrumb","itemListElement":[{"@type":"ListItem","position":1,"name":"Portada","item":"https:\/\/agenciaseolocal.eu\/bedda\/"},{"@type":"ListItem","position":2,"name":"Trabaja con nosotros"}]},{"@type":"WebSite","@id":"https:\/\/agenciaseolocal.eu\/bedda\/#website","url":"https:\/\/agenciaseolocal.eu\/bedda\/","name":"Centros bedda","description":"Centro de depilaci\u00f3n l\u00e1ser","publisher":{"@id":"https:\/\/agenciaseolocal.eu\/bedda\/#organization"},"potentialAction":[{"@type":"SearchAction","target":{"@type":"EntryPoint","urlTemplate":"https:\/\/agenciaseolocal.eu\/bedda\/?s={search_term_string}"},"query-input":{"@type":"PropertyValueSpecification","valueRequired":true,"valueName":"search_term_string"}}],"inLanguage":"es"},{"@type":"Organization","@id":"https:\/\/agenciaseolocal.eu\/bedda\/#organization","name":"Centros bedda","url":"https:\/\/agenciaseolocal.eu\/bedda\/","logo":{"@type":"ImageObject","inLanguage":"es","@id":"https:\/\/agenciaseolocal.eu\/bedda\/#\/schema\/logo\/image\/","url":"https:\/\/agenciaseolocal.eu\/bedda\/wp-content\/uploads\/2024\/04\/centros-bedda-depilacion-laser-logo.png","contentUrl":"https:\/\/agenciaseolocal.eu\/bedda\/wp-content\/uploads\/2024\/04\/centros-bedda-depilacion-laser-logo.png","width":220,"height":220,"caption":"Centros bedda"},"image":{"@id":"https:\/\/agenciaseolocal.eu\/bedda\/#\/schema\/logo\/image\/"},"sameAs":["https:\/\/www.facebook.com\/centrobedda","https:\/\/x.com\/centrosbedda","https:\/\/www.youtube.com\/channel\/UCV57tDnQcnHfTici1funk4g?app=desktop","https:\/\/www.instagram.com\/centrosbedda\/","https:\/\/www.linkedin.com\/company\/centros-bedda\/"]}]}},"_links":{"self":[{"href":"https:\/\/agenciaseolocal.eu\/bedda\/wp-json\/wp\/v2\/pages\/903","targetHints":{"allow":["GET"]}}],"collection":[{"href":"https:\/\/agenciaseolocal.eu\/bedda\/wp-json\/wp\/v2\/pages"}],"about":[{"href":"https:\/\/agenciaseolocal.eu\/bedda\/wp-json\/wp\/v2\/types\/page"}],"author":[{"embeddable":true,"href":"https:\/\/agenciaseolocal.eu\/bedda\/wp-json\/wp\/v2\/users\/3"}],"replies":[{"embeddable":true,"href":"https:\/\/agenciaseolocal.eu\/bedda\/wp-json\/wp\/v2\/comments?post=903"}],"version-history":[{"count":0,"href":"https:\/\/agenciaseolocal.eu\/bedda\/wp-json\/wp\/v2\/pages\/903\/revisions"}],"wp:attachment":[{"href":"https:\/\/agenciaseolocal.eu\/bedda\/wp-json\/wp\/v2\/media?parent=903"}],"curies":[{"name":"wp","href":"https:\/\/api.w.org\/{rel}","templated":true}]}}