{"id":909,"date":"2023-05-23T13:44:30","date_gmt":"2023-05-23T11:44:30","guid":{"rendered":"https:\/\/marketingpamplonaenproceso.com\/bedda\/?page_id=909"},"modified":"2023-06-13T11:42:17","modified_gmt":"2023-06-13T09:42:17","slug":"politica-de-reembolso","status":"publish","type":"page","link":"https:\/\/agenciaseolocal.eu\/bedda\/politica-de-reembolso\/","title":{"rendered":"Pol\u00edtica de reembolso"},"content":{"rendered":"\n<p>1.1 El cliente dispone de un plazo de 14 d\u00edas naturales a contar desde la fecha de factura o ticket de compra para la devoluci\u00f3n del Producto, siempre y cuando este se encuentre sin abrir, con su embalaje original y en perfectas condiciones; teniendo derecho el cliente a ser reintegrado econ\u00f3micamente en el precio abonado descontando todos los gastos que lleve aparejado la devoluci\u00f3n incluidos los bancarios y de financiaci\u00f3n.<\/p>\n\n\n\n<p>1.2 En las compras de tratamientos o servicios que no hubieran comenzado, el cliente podr\u00e1 desistir de la adquisici\u00f3n, cualquiera que fuese su causa, en el plazo de 14 d\u00edas naturales siguientes a la fecha de factura o ticket de compra, teniendo derecho al reintegro econ\u00f3micamente en el precio abonado descontando todos los gastos que lleve aparejado la devoluci\u00f3n incluidos los bancarios y de financiaci\u00f3n.<\/p>\n\n\n\n<p>1.3 En las compras de tratamientos o servicios que s\u00ed hubieran comenzado, el cliente podr\u00e1 desistir de la adquisici\u00f3n, cualquiera que fuese su causa, en el plazo de 14 d\u00edas naturales descontando la parte proporcional de los servicios prestados a los precios sin bonificar, esto es, eliminando los descuentos aplicados y descontando todos los gastos que lleve aparejado la devoluci\u00f3n incluidos los bancarios y de financiaci\u00f3n.<\/p>\n\n\n\n<p>1.4 Para el caso de los tratamientos o servicios contratados pasados los 14 d\u00edas naturales siguientes al de la fecha de factura o ticket de compra, el cliente podr\u00e1 cancelar unilateralmente y anticipadamente la misma, en la parte del servicio o tratamiento no consumido o pendiente de realizar, y su importe podr\u00e1 ser cambiado por otro producto y\/o servicio\/tratamiento por el mismo valor no consumido y \/o ceder dicho derecho en favor de otro cliente. De este modo, no existe por tanto reembolso alguno para el Cliente.<\/p>\n\n\n\n<p>2. SITUACIONES ESPECIALES<\/p>\n\n\n\n<p>2.1.- En los casos de enfermedad, embarazo, lactancia, hospitalizaci\u00f3n o situaciones similares, el cliente podr\u00e1 optar entre: Suspender el tratamiento y\/o servicio, restableci\u00e9ndose una vez superada la situaci\u00f3n especial sobrevenida; o traspasar su derecho en favor de otra persona, que quedar\u00e1 subrogada en la parte de tratamiento o servicio no consumido.<\/p>\n\n\n\n<p>2.2.- Contraindicaci\u00f3n m\u00e9dica o alergia a producto cosm\u00e9tico, acreditada con informe m\u00e9dico: En los casos en los que el Cliente acreditase con informe m\u00e9dico la contraindicaci\u00f3n del Tratamiento y las causas de ello, (exceptuando las situaciones de embarazo o lactancia en el que el tratamiento quedar\u00e1 suspendido), el Cliente tendr\u00e1 derecho a ser reintegrado econ\u00f3micamente, descontando todos los gastos que lleve aparejado la devoluci\u00f3n incluidos los bancarios y de financiaci\u00f3n.<\/p>\n\n\n\n<p>3. DEVOLUCI\u00d3N DEL IMPORTE<\/p>\n\n\n\n<p>3.1 En todos los casos en los que se produzca una devoluci\u00f3n del importe total o parcial, la cantidad a devolver se realizar\u00e1 mediante transferencia bancaria, en la cuenta corriente que indicase el cliente.<\/p>\n\n\n\n<p>3.2 En el caso de que el precio hubiere sido financiado, la Empresa proceder\u00e1 a cancelar el contrato con la entidad financiera, liberando por tanto al cliente de la obligaci\u00f3n econ\u00f3mica contra\u00edda con la entidad financiera.<\/p>\n\n\n\n<p>MODIFICACI\u00d3N DEL SERVICIO<\/p>\n\n\n\n<p>Para ofrecer el mejor servicio a nuestros clientes, es necesario avisar con m\u00ednimo 24h de antelaci\u00f3n de cambios o anulaciones de citas, o de lo contrario la sesi\u00f3n se dar\u00e1 por realizada.<\/p>\n\n\n\n<p>PARA CUALQUIER DUDA: clientes@centrosbedda.com<\/p>\n","protected":false},"excerpt":{"rendered":"<p>1.1 El cliente dispone de un plazo de 14 d\u00edas naturales a contar desde la fecha de factura o ticket de compra para la devoluci\u00f3n del Producto, siempre y cuando este se encuentre sin abrir, con su embalaje original y en perfectas condiciones; teniendo derecho el cliente a ser reintegrado econ\u00f3micamente en el precio abonado [&hellip;]<\/p>\n","protected":false},"author":3,"featured_media":0,"parent":0,"menu_order":0,"comment_status":"closed","ping_status":"closed","template":"","meta":{"_et_pb_use_builder":"off","_et_pb_old_content":"","_et_gb_content_width":"","_joinchat":[],"footnotes":""},"class_list":["post-909","page","type-page","status-publish","hentry"],"yoast_head":"<!-- This site is optimized with the Yoast SEO plugin v25.9 - https:\/\/yoast.com\/wordpress\/plugins\/seo\/ -->\n<title>Pol\u00edtica de reembolso - Centros bedda<\/title>\n<meta name=\"robots\" content=\"noindex, follow, max-snippet:-1, max-image-preview:large, max-video-preview:-1\" \/>\n<meta property=\"og:locale\" content=\"es_ES\" \/>\n<meta property=\"og:type\" content=\"article\" \/>\n<meta property=\"og:title\" content=\"Pol\u00edtica de reembolso - Centros bedda\" \/>\n<meta property=\"og:description\" content=\"1.1 El cliente dispone de un plazo de 14 d\u00edas naturales a contar desde la fecha de factura o ticket de compra para la devoluci\u00f3n del Producto, siempre y cuando este se encuentre sin abrir, con su embalaje original y en perfectas condiciones; teniendo derecho el cliente a ser reintegrado econ\u00f3micamente en el precio abonado [&hellip;]\" \/>\n<meta property=\"og:url\" content=\"https:\/\/agenciaseolocal.eu\/bedda\/politica-de-reembolso\/\" \/>\n<meta property=\"og:site_name\" content=\"Centros bedda\" \/>\n<meta property=\"article:publisher\" content=\"https:\/\/www.facebook.com\/centrobedda\" \/>\n<meta property=\"article:modified_time\" content=\"2023-06-13T09:42:17+00:00\" \/>\n<meta name=\"twitter:card\" content=\"summary_large_image\" \/>\n<meta name=\"twitter:site\" content=\"@centrosbedda\" \/>\n<meta name=\"twitter:label1\" content=\"Tiempo de lectura\" \/>\n\t<meta name=\"twitter:data1\" content=\"3 minutos\" \/>\n<!-- \/ Yoast SEO plugin. -->","yoast_head_json":{"title":"Pol\u00edtica de reembolso - Centros bedda","robots":{"index":"noindex","follow":"follow","max-snippet":"max-snippet:-1","max-image-preview":"max-image-preview:large","max-video-preview":"max-video-preview:-1"},"og_locale":"es_ES","og_type":"article","og_title":"Pol\u00edtica de reembolso - Centros bedda","og_description":"1.1 El cliente dispone de un plazo de 14 d\u00edas naturales a contar desde la fecha de factura o ticket de compra para la devoluci\u00f3n del Producto, siempre y cuando este se encuentre sin abrir, con su embalaje original y en perfectas condiciones; teniendo derecho el cliente a ser reintegrado econ\u00f3micamente en el precio abonado [&hellip;]","og_url":"https:\/\/agenciaseolocal.eu\/bedda\/politica-de-reembolso\/","og_site_name":"Centros bedda","article_publisher":"https:\/\/www.facebook.com\/centrobedda","article_modified_time":"2023-06-13T09:42:17+00:00","twitter_card":"summary_large_image","twitter_site":"@centrosbedda","twitter_misc":{"Tiempo de lectura":"3 minutos"},"schema":{"@context":"https:\/\/schema.org","@graph":[{"@type":"WebPage","@id":"https:\/\/agenciaseolocal.eu\/bedda\/politica-de-reembolso\/","url":"https:\/\/agenciaseolocal.eu\/bedda\/politica-de-reembolso\/","name":"Pol\u00edtica de reembolso - Centros bedda","isPartOf":{"@id":"https:\/\/agenciaseolocal.eu\/bedda\/#website"},"datePublished":"2023-05-23T11:44:30+00:00","dateModified":"2023-06-13T09:42:17+00:00","breadcrumb":{"@id":"https:\/\/agenciaseolocal.eu\/bedda\/politica-de-reembolso\/#breadcrumb"},"inLanguage":"es","potentialAction":[{"@type":"ReadAction","target":["https:\/\/agenciaseolocal.eu\/bedda\/politica-de-reembolso\/"]}]},{"@type":"BreadcrumbList","@id":"https:\/\/agenciaseolocal.eu\/bedda\/politica-de-reembolso\/#breadcrumb","itemListElement":[{"@type":"ListItem","position":1,"name":"Portada","item":"https:\/\/agenciaseolocal.eu\/bedda\/"},{"@type":"ListItem","position":2,"name":"Pol\u00edtica de reembolso"}]},{"@type":"WebSite","@id":"https:\/\/agenciaseolocal.eu\/bedda\/#website","url":"https:\/\/agenciaseolocal.eu\/bedda\/","name":"Centros bedda","description":"Centro de depilaci\u00f3n l\u00e1ser","publisher":{"@id":"https:\/\/agenciaseolocal.eu\/bedda\/#organization"},"potentialAction":[{"@type":"SearchAction","target":{"@type":"EntryPoint","urlTemplate":"https:\/\/agenciaseolocal.eu\/bedda\/?s={search_term_string}"},"query-input":{"@type":"PropertyValueSpecification","valueRequired":true,"valueName":"search_term_string"}}],"inLanguage":"es"},{"@type":"Organization","@id":"https:\/\/agenciaseolocal.eu\/bedda\/#organization","name":"Centros bedda","url":"https:\/\/agenciaseolocal.eu\/bedda\/","logo":{"@type":"ImageObject","inLanguage":"es","@id":"https:\/\/agenciaseolocal.eu\/bedda\/#\/schema\/logo\/image\/","url":"https:\/\/agenciaseolocal.eu\/bedda\/wp-content\/uploads\/2024\/04\/centros-bedda-depilacion-laser-logo.png","contentUrl":"https:\/\/agenciaseolocal.eu\/bedda\/wp-content\/uploads\/2024\/04\/centros-bedda-depilacion-laser-logo.png","width":220,"height":220,"caption":"Centros bedda"},"image":{"@id":"https:\/\/agenciaseolocal.eu\/bedda\/#\/schema\/logo\/image\/"},"sameAs":["https:\/\/www.facebook.com\/centrobedda","https:\/\/x.com\/centrosbedda","https:\/\/www.youtube.com\/channel\/UCV57tDnQcnHfTici1funk4g?app=desktop","https:\/\/www.instagram.com\/centrosbedda\/","https:\/\/www.linkedin.com\/company\/centros-bedda\/"]}]}},"_links":{"self":[{"href":"https:\/\/agenciaseolocal.eu\/bedda\/wp-json\/wp\/v2\/pages\/909","targetHints":{"allow":["GET"]}}],"collection":[{"href":"https:\/\/agenciaseolocal.eu\/bedda\/wp-json\/wp\/v2\/pages"}],"about":[{"href":"https:\/\/agenciaseolocal.eu\/bedda\/wp-json\/wp\/v2\/types\/page"}],"author":[{"embeddable":true,"href":"https:\/\/agenciaseolocal.eu\/bedda\/wp-json\/wp\/v2\/users\/3"}],"replies":[{"embeddable":true,"href":"https:\/\/agenciaseolocal.eu\/bedda\/wp-json\/wp\/v2\/comments?post=909"}],"version-history":[{"count":0,"href":"https:\/\/agenciaseolocal.eu\/bedda\/wp-json\/wp\/v2\/pages\/909\/revisions"}],"wp:attachment":[{"href":"https:\/\/agenciaseolocal.eu\/bedda\/wp-json\/wp\/v2\/media?parent=909"}],"curies":[{"name":"wp","href":"https:\/\/api.w.org\/{rel}","templated":true}]}}