{"id":987513775,"date":"2024-07-03T13:06:32","date_gmt":"2024-07-03T11:06:32","guid":{"rendered":"https:\/\/centrosbedda.com\/?post_type=product&#038;p=987513775"},"modified":"2025-06-04T09:27:54","modified_gmt":"2025-06-04T07:27:54","slug":"pack-cuerpo-completo-hombre","status":"publish","type":"product","link":"https:\/\/agenciaseolocal.eu\/bedda\/tratamientos\/pack-cuerpo-completo-hombre\/","title":{"rendered":"Pack Cuerpo completo chico XL"},"content":{"rendered":"","protected":false},"excerpt":{"rendered":"<div style=\"margin-bottom: 20% !important; padding-bottom: 20% !important;\">\n<p>Elimina el vello en todo el cuerpo con la depilaci\u00f3n l\u00e1ser. Consigue resultados duraderos.<\/p>\n<\/div>\n","protected":false},"featured_media":987518577,"template":"","meta":{"_et_pb_use_builder":"","_et_pb_old_content":"","_et_gb_content_width":"","_joinchat":[]},"product_brand":[],"product_cat":[68,56,55,42],"product_tag":[],"class_list":{"0":"post-987513775","1":"product","2":"type-product","3":"status-publish","4":"has-post-thumbnail","6":"product_cat-promociones-hombre","7":"product_cat-zona-inferior-hombre","8":"product_cat-zona-superior-hombre","9":"product_cat-hombre","10":"pa_sesiones-bono-5-sesiones","11":"pa_sesiones-tratamiento-10","12":"pa_sesiones-tratamiento-15","13":"pa_sesiones-1-sesion","14":"pa_sesiones-bono-3-sesiones","16":"first","17":"instock","18":"shipping-taxable","19":"purchasable","20":"product-type-variable","21":"has-default-attributes"},"yoast_head":"<!-- This site is optimized with the Yoast SEO plugin v25.9 - https:\/\/yoast.com\/wordpress\/plugins\/seo\/ -->\n<title>Pack depilaci\u00f3n l\u00e1ser cuerpo completo hombre | bedda<\/title>\n<meta name=\"description\" content=\"\u00bfQuieres eliminar el vello corporal? Conf\u00eda en Centros bedda y di adi\u00f3s al vello con el pack de depilaci\u00f3n l\u00e1ser de cuerpo completo para hombre.\" \/>\n<meta name=\"robots\" content=\"noindex, follow, max-snippet:-1, max-image-preview:large, max-video-preview:-1\" \/>\n<meta property=\"og:locale\" content=\"es_ES\" \/>\n<meta property=\"og:type\" content=\"article\" \/>\n<meta property=\"og:title\" content=\"Pack depilaci\u00f3n l\u00e1ser cuerpo completo hombre | bedda\" \/>\n<meta property=\"og:description\" content=\"\u00bfQuieres eliminar el vello corporal? Conf\u00eda en Centros bedda y di adi\u00f3s al vello con el pack de depilaci\u00f3n l\u00e1ser de cuerpo completo para hombre.\" \/>\n<meta property=\"og:url\" content=\"https:\/\/agenciaseolocal.eu\/bedda\/tratamientos\/pack-cuerpo-completo-hombre\/\" \/>\n<meta property=\"og:site_name\" content=\"Centros bedda\" \/>\n<meta property=\"article:publisher\" content=\"https:\/\/www.facebook.com\/centrobedda\" \/>\n<meta property=\"article:modified_time\" content=\"2025-06-04T07:27:54+00:00\" \/>\n<meta property=\"og:image\" content=\"https:\/\/agenciaseolocal.eu\/bedda\/wp-content\/uploads\/2025\/03\/hombre-sonriendo-promo-marzo-cuerpo-entero-min.jpg\" \/>\n\t<meta property=\"og:image:width\" content=\"2000\" \/>\n\t<meta property=\"og:image:height\" content=\"2000\" \/>\n\t<meta property=\"og:image:type\" content=\"image\/jpeg\" \/>\n<meta name=\"twitter:card\" content=\"summary_large_image\" \/>\n<meta name=\"twitter:site\" content=\"@centrosbedda\" \/>\n<meta name=\"twitter:label1\" content=\"Tiempo de lectura\" \/>\n\t<meta name=\"twitter:data1\" content=\"1 minuto\" \/>\n<!-- \/ Yoast SEO plugin. -->","yoast_head_json":{"title":"Pack depilaci\u00f3n l\u00e1ser cuerpo completo hombre | bedda","description":"\u00bfQuieres eliminar el vello corporal? Conf\u00eda en Centros bedda y di adi\u00f3s al vello con el pack de depilaci\u00f3n l\u00e1ser de cuerpo completo para hombre.","robots":{"index":"noindex","follow":"follow","max-snippet":"max-snippet:-1","max-image-preview":"max-image-preview:large","max-video-preview":"max-video-preview:-1"},"og_locale":"es_ES","og_type":"article","og_title":"Pack depilaci\u00f3n l\u00e1ser cuerpo completo hombre | bedda","og_description":"\u00bfQuieres eliminar el vello corporal? Conf\u00eda en Centros bedda y di adi\u00f3s al vello con el pack de depilaci\u00f3n l\u00e1ser de cuerpo completo para hombre.","og_url":"https:\/\/agenciaseolocal.eu\/bedda\/tratamientos\/pack-cuerpo-completo-hombre\/","og_site_name":"Centros bedda","article_publisher":"https:\/\/www.facebook.com\/centrobedda","article_modified_time":"2025-06-04T07:27:54+00:00","og_image":[{"width":2000,"height":2000,"url":"https:\/\/agenciaseolocal.eu\/bedda\/wp-content\/uploads\/2025\/03\/hombre-sonriendo-promo-marzo-cuerpo-entero-min.jpg","type":"image\/jpeg"}],"twitter_card":"summary_large_image","twitter_site":"@centrosbedda","twitter_misc":{"Tiempo de lectura":"1 minuto"},"schema":{"@context":"https:\/\/schema.org","@graph":[{"@type":"WebPage","@id":"https:\/\/agenciaseolocal.eu\/bedda\/tratamientos\/pack-cuerpo-completo-hombre\/","url":"https:\/\/agenciaseolocal.eu\/bedda\/tratamientos\/pack-cuerpo-completo-hombre\/","name":"Pack depilaci\u00f3n l\u00e1ser cuerpo completo hombre | bedda","isPartOf":{"@id":"https:\/\/agenciaseolocal.eu\/bedda\/#website"},"primaryImageOfPage":{"@id":"https:\/\/agenciaseolocal.eu\/bedda\/tratamientos\/pack-cuerpo-completo-hombre\/#primaryimage"},"image":{"@id":"https:\/\/agenciaseolocal.eu\/bedda\/tratamientos\/pack-cuerpo-completo-hombre\/#primaryimage"},"thumbnailUrl":"https:\/\/agenciaseolocal.eu\/bedda\/wp-content\/uploads\/2025\/03\/hombre-sonriendo-promo-marzo-cuerpo-entero-min.jpg","datePublished":"2024-07-03T11:06:32+00:00","dateModified":"2025-06-04T07:27:54+00:00","description":"\u00bfQuieres eliminar el vello corporal? Conf\u00eda en Centros bedda y di adi\u00f3s al vello con el pack de depilaci\u00f3n l\u00e1ser de cuerpo completo para hombre.","breadcrumb":{"@id":"https:\/\/agenciaseolocal.eu\/bedda\/tratamientos\/pack-cuerpo-completo-hombre\/#breadcrumb"},"inLanguage":"es","potentialAction":[{"@type":"ReadAction","target":["https:\/\/agenciaseolocal.eu\/bedda\/tratamientos\/pack-cuerpo-completo-hombre\/"]}]},{"@type":"ImageObject","inLanguage":"es","@id":"https:\/\/agenciaseolocal.eu\/bedda\/tratamientos\/pack-cuerpo-completo-hombre\/#primaryimage","url":"https:\/\/agenciaseolocal.eu\/bedda\/wp-content\/uploads\/2025\/03\/hombre-sonriendo-promo-marzo-cuerpo-entero-min.jpg","contentUrl":"https:\/\/agenciaseolocal.eu\/bedda\/wp-content\/uploads\/2025\/03\/hombre-sonriendo-promo-marzo-cuerpo-entero-min.jpg","width":2000,"height":2000,"caption":"hombre sonriendo promo marzo cuerpo entero-min"},{"@type":"BreadcrumbList","@id":"https:\/\/agenciaseolocal.eu\/bedda\/tratamientos\/pack-cuerpo-completo-hombre\/#breadcrumb","itemListElement":[{"@type":"ListItem","position":1,"name":"Portada","item":"https:\/\/agenciaseolocal.eu\/bedda\/"},{"@type":"ListItem","position":2,"name":"Tienda","item":"https:\/\/agenciaseolocal.eu\/bedda\/tienda\/"},{"@type":"ListItem","position":3,"name":"Pack Cuerpo completo chico XL"}]},{"@type":"WebSite","@id":"https:\/\/agenciaseolocal.eu\/bedda\/#website","url":"https:\/\/agenciaseolocal.eu\/bedda\/","name":"Centros bedda","description":"Centro de depilaci\u00f3n l\u00e1ser","publisher":{"@id":"https:\/\/agenciaseolocal.eu\/bedda\/#organization"},"potentialAction":[{"@type":"SearchAction","target":{"@type":"EntryPoint","urlTemplate":"https:\/\/agenciaseolocal.eu\/bedda\/?s={search_term_string}"},"query-input":{"@type":"PropertyValueSpecification","valueRequired":true,"valueName":"search_term_string"}}],"inLanguage":"es"},{"@type":"Organization","@id":"https:\/\/agenciaseolocal.eu\/bedda\/#organization","name":"Centros bedda","url":"https:\/\/agenciaseolocal.eu\/bedda\/","logo":{"@type":"ImageObject","inLanguage":"es","@id":"https:\/\/agenciaseolocal.eu\/bedda\/#\/schema\/logo\/image\/","url":"https:\/\/agenciaseolocal.eu\/bedda\/wp-content\/uploads\/2024\/04\/centros-bedda-depilacion-laser-logo.png","contentUrl":"https:\/\/agenciaseolocal.eu\/bedda\/wp-content\/uploads\/2024\/04\/centros-bedda-depilacion-laser-logo.png","width":220,"height":220,"caption":"Centros bedda"},"image":{"@id":"https:\/\/agenciaseolocal.eu\/bedda\/#\/schema\/logo\/image\/"},"sameAs":["https:\/\/www.facebook.com\/centrobedda","https:\/\/x.com\/centrosbedda","https:\/\/www.youtube.com\/channel\/UCV57tDnQcnHfTici1funk4g?app=desktop","https:\/\/www.instagram.com\/centrosbedda\/","https:\/\/www.linkedin.com\/company\/centros-bedda\/"]}]}},"_links":{"self":[{"href":"https:\/\/agenciaseolocal.eu\/bedda\/wp-json\/wp\/v2\/product\/987513775","targetHints":{"allow":["GET"]}}],"collection":[{"href":"https:\/\/agenciaseolocal.eu\/bedda\/wp-json\/wp\/v2\/product"}],"about":[{"href":"https:\/\/agenciaseolocal.eu\/bedda\/wp-json\/wp\/v2\/types\/product"}],"wp:featuredmedia":[{"embeddable":true,"href":"https:\/\/agenciaseolocal.eu\/bedda\/wp-json\/wp\/v2\/media\/987518577"}],"wp:attachment":[{"href":"https:\/\/agenciaseolocal.eu\/bedda\/wp-json\/wp\/v2\/media?parent=987513775"}],"wp:term":[{"taxonomy":"product_brand","embeddable":true,"href":"https:\/\/agenciaseolocal.eu\/bedda\/wp-json\/wp\/v2\/product_brand?post=987513775"},{"taxonomy":"product_cat","embeddable":true,"href":"https:\/\/agenciaseolocal.eu\/bedda\/wp-json\/wp\/v2\/product_cat?post=987513775"},{"taxonomy":"product_tag","embeddable":true,"href":"https:\/\/agenciaseolocal.eu\/bedda\/wp-json\/wp\/v2\/product_tag?post=987513775"}],"curies":[{"name":"wp","href":"https:\/\/api.w.org\/{rel}","templated":true}]}}