{"id":987515800,"date":"2024-04-25T13:32:58","date_gmt":"2024-04-25T11:32:58","guid":{"rendered":"https:\/\/centrosbedda.com\/?post_type=product&#038;p=987515800"},"modified":"2025-06-02T09:04:58","modified_gmt":"2025-06-02T07:04:58","slug":"depilacion-laser-repaso-antes-de-verano-mujer","status":"publish","type":"product","link":"https:\/\/agenciaseolocal.eu\/bedda\/tratamientos\/depilacion-laser-repaso-antes-de-verano-mujer\/","title":{"rendered":"Repaso antes de verano mujer (Piernas completas + pies + ingles completas + pubis + perianal + axilas)"},"content":{"rendered":"<p>Una compra m\u00e1xima por persona.<\/p>\n","protected":false},"excerpt":{"rendered":"<p>Obt\u00e9n una piel suave y libre de vello en todo el cuerpo con nuestra depilaci\u00f3n l\u00e1ser.<\/p>\n","protected":false},"featured_media":987518901,"template":"","meta":{"_et_pb_use_builder":"","_et_pb_old_content":"","_et_gb_content_width":"","_joinchat":[]},"product_brand":[],"product_cat":[67,43,41,40],"product_tag":[],"class_list":{"0":"post-987515800","1":"product","2":"type-product","3":"status-publish","4":"has-post-thumbnail","6":"product_cat-promociones-mujer","7":"product_cat-mujer","8":"product_cat-zona-inferior","9":"product_cat-zona-superior","10":"pa_sesiones-1-sesion","12":"first","13":"instock","14":"sold-individually","15":"shipping-taxable","16":"purchasable","17":"product-type-simple"},"yoast_head":"<!-- This site is optimized with the Yoast SEO plugin v25.9 - https:\/\/yoast.com\/wordpress\/plugins\/seo\/ -->\n<title>Depilaci\u00f3n l\u00e1ser antes de verano mujer | bedda<\/title>\n<meta name=\"description\" content=\"Obt\u00e9n una piel suave y libre de vello en piernas completas, pies, ingles completas, pubis, perianal y axilas con la depilaci\u00f3n l\u00e1ser para mujeres.\" \/>\n<meta name=\"robots\" content=\"noindex, follow, max-snippet:-1, max-image-preview:large, max-video-preview:-1\" \/>\n<meta property=\"og:locale\" content=\"es_ES\" \/>\n<meta property=\"og:type\" content=\"article\" \/>\n<meta property=\"og:title\" content=\"Depilaci\u00f3n l\u00e1ser antes de verano mujer | bedda\" \/>\n<meta property=\"og:description\" content=\"Obt\u00e9n una piel suave y libre de vello en piernas completas, pies, ingles completas, pubis, perianal y axilas con la depilaci\u00f3n l\u00e1ser para mujeres.\" \/>\n<meta property=\"og:url\" content=\"https:\/\/agenciaseolocal.eu\/bedda\/tratamientos\/depilacion-laser-repaso-antes-de-verano-mujer\/\" \/>\n<meta property=\"og:site_name\" content=\"Centros bedda\" \/>\n<meta property=\"article:publisher\" content=\"https:\/\/www.facebook.com\/centrobedda\" \/>\n<meta property=\"article:modified_time\" content=\"2025-06-02T07:04:58+00:00\" \/>\n<meta property=\"og:image\" content=\"https:\/\/agenciaseolocal.eu\/bedda\/wp-content\/uploads\/2025\/06\/oferta-verano-repaso-depilacion-chica.jpg\" \/>\n\t<meta property=\"og:image:width\" content=\"1080\" \/>\n\t<meta property=\"og:image:height\" content=\"1080\" \/>\n\t<meta property=\"og:image:type\" content=\"image\/jpeg\" \/>\n<meta name=\"twitter:card\" content=\"summary_large_image\" \/>\n<meta name=\"twitter:site\" content=\"@centrosbedda\" \/>\n<meta name=\"twitter:label1\" content=\"Tiempo de lectura\" \/>\n\t<meta name=\"twitter:data1\" content=\"1 minuto\" \/>\n<!-- \/ Yoast SEO plugin. -->","yoast_head_json":{"title":"Depilaci\u00f3n l\u00e1ser antes de verano mujer | bedda","description":"Obt\u00e9n una piel suave y libre de vello en piernas completas, pies, ingles completas, pubis, perianal y axilas con la depilaci\u00f3n l\u00e1ser para mujeres.","robots":{"index":"noindex","follow":"follow","max-snippet":"max-snippet:-1","max-image-preview":"max-image-preview:large","max-video-preview":"max-video-preview:-1"},"og_locale":"es_ES","og_type":"article","og_title":"Depilaci\u00f3n l\u00e1ser antes de verano mujer | bedda","og_description":"Obt\u00e9n una piel suave y libre de vello en piernas completas, pies, ingles completas, pubis, perianal y axilas con la depilaci\u00f3n l\u00e1ser para mujeres.","og_url":"https:\/\/agenciaseolocal.eu\/bedda\/tratamientos\/depilacion-laser-repaso-antes-de-verano-mujer\/","og_site_name":"Centros bedda","article_publisher":"https:\/\/www.facebook.com\/centrobedda","article_modified_time":"2025-06-02T07:04:58+00:00","og_image":[{"width":1080,"height":1080,"url":"https:\/\/agenciaseolocal.eu\/bedda\/wp-content\/uploads\/2025\/06\/oferta-verano-repaso-depilacion-chica.jpg","type":"image\/jpeg"}],"twitter_card":"summary_large_image","twitter_site":"@centrosbedda","twitter_misc":{"Tiempo de lectura":"1 minuto"},"schema":{"@context":"https:\/\/schema.org","@graph":[{"@type":"WebPage","@id":"https:\/\/agenciaseolocal.eu\/bedda\/tratamientos\/depilacion-laser-repaso-antes-de-verano-mujer\/","url":"https:\/\/agenciaseolocal.eu\/bedda\/tratamientos\/depilacion-laser-repaso-antes-de-verano-mujer\/","name":"Depilaci\u00f3n l\u00e1ser antes de verano mujer | bedda","isPartOf":{"@id":"https:\/\/agenciaseolocal.eu\/bedda\/#website"},"primaryImageOfPage":{"@id":"https:\/\/agenciaseolocal.eu\/bedda\/tratamientos\/depilacion-laser-repaso-antes-de-verano-mujer\/#primaryimage"},"image":{"@id":"https:\/\/agenciaseolocal.eu\/bedda\/tratamientos\/depilacion-laser-repaso-antes-de-verano-mujer\/#primaryimage"},"thumbnailUrl":"https:\/\/agenciaseolocal.eu\/bedda\/wp-content\/uploads\/2025\/06\/oferta-verano-repaso-depilacion-chica.jpg","datePublished":"2024-04-25T11:32:58+00:00","dateModified":"2025-06-02T07:04:58+00:00","description":"Obt\u00e9n una piel suave y libre de vello en piernas completas, pies, ingles completas, pubis, perianal y axilas con la depilaci\u00f3n l\u00e1ser para mujeres.","breadcrumb":{"@id":"https:\/\/agenciaseolocal.eu\/bedda\/tratamientos\/depilacion-laser-repaso-antes-de-verano-mujer\/#breadcrumb"},"inLanguage":"es","potentialAction":[{"@type":"ReadAction","target":["https:\/\/agenciaseolocal.eu\/bedda\/tratamientos\/depilacion-laser-repaso-antes-de-verano-mujer\/"]}]},{"@type":"ImageObject","inLanguage":"es","@id":"https:\/\/agenciaseolocal.eu\/bedda\/tratamientos\/depilacion-laser-repaso-antes-de-verano-mujer\/#primaryimage","url":"https:\/\/agenciaseolocal.eu\/bedda\/wp-content\/uploads\/2025\/06\/oferta-verano-repaso-depilacion-chica.jpg","contentUrl":"https:\/\/agenciaseolocal.eu\/bedda\/wp-content\/uploads\/2025\/06\/oferta-verano-repaso-depilacion-chica.jpg","width":1080,"height":1080,"caption":"oferta verano repaso depilacion chica"},{"@type":"BreadcrumbList","@id":"https:\/\/agenciaseolocal.eu\/bedda\/tratamientos\/depilacion-laser-repaso-antes-de-verano-mujer\/#breadcrumb","itemListElement":[{"@type":"ListItem","position":1,"name":"Portada","item":"https:\/\/agenciaseolocal.eu\/bedda\/"},{"@type":"ListItem","position":2,"name":"Tienda","item":"https:\/\/agenciaseolocal.eu\/bedda\/tienda\/"},{"@type":"ListItem","position":3,"name":"Repaso antes de verano mujer (Piernas completas + pies + ingles completas + pubis + perianal + axilas)"}]},{"@type":"WebSite","@id":"https:\/\/agenciaseolocal.eu\/bedda\/#website","url":"https:\/\/agenciaseolocal.eu\/bedda\/","name":"Centros bedda","description":"Centro de depilaci\u00f3n l\u00e1ser","publisher":{"@id":"https:\/\/agenciaseolocal.eu\/bedda\/#organization"},"potentialAction":[{"@type":"SearchAction","target":{"@type":"EntryPoint","urlTemplate":"https:\/\/agenciaseolocal.eu\/bedda\/?s={search_term_string}"},"query-input":{"@type":"PropertyValueSpecification","valueRequired":true,"valueName":"search_term_string"}}],"inLanguage":"es"},{"@type":"Organization","@id":"https:\/\/agenciaseolocal.eu\/bedda\/#organization","name":"Centros bedda","url":"https:\/\/agenciaseolocal.eu\/bedda\/","logo":{"@type":"ImageObject","inLanguage":"es","@id":"https:\/\/agenciaseolocal.eu\/bedda\/#\/schema\/logo\/image\/","url":"https:\/\/agenciaseolocal.eu\/bedda\/wp-content\/uploads\/2024\/04\/centros-bedda-depilacion-laser-logo.png","contentUrl":"https:\/\/agenciaseolocal.eu\/bedda\/wp-content\/uploads\/2024\/04\/centros-bedda-depilacion-laser-logo.png","width":220,"height":220,"caption":"Centros bedda"},"image":{"@id":"https:\/\/agenciaseolocal.eu\/bedda\/#\/schema\/logo\/image\/"},"sameAs":["https:\/\/www.facebook.com\/centrobedda","https:\/\/x.com\/centrosbedda","https:\/\/www.youtube.com\/channel\/UCV57tDnQcnHfTici1funk4g?app=desktop","https:\/\/www.instagram.com\/centrosbedda\/","https:\/\/www.linkedin.com\/company\/centros-bedda\/"]}]}},"_links":{"self":[{"href":"https:\/\/agenciaseolocal.eu\/bedda\/wp-json\/wp\/v2\/product\/987515800","targetHints":{"allow":["GET"]}}],"collection":[{"href":"https:\/\/agenciaseolocal.eu\/bedda\/wp-json\/wp\/v2\/product"}],"about":[{"href":"https:\/\/agenciaseolocal.eu\/bedda\/wp-json\/wp\/v2\/types\/product"}],"wp:featuredmedia":[{"embeddable":true,"href":"https:\/\/agenciaseolocal.eu\/bedda\/wp-json\/wp\/v2\/media\/987518901"}],"wp:attachment":[{"href":"https:\/\/agenciaseolocal.eu\/bedda\/wp-json\/wp\/v2\/media?parent=987515800"}],"wp:term":[{"taxonomy":"product_brand","embeddable":true,"href":"https:\/\/agenciaseolocal.eu\/bedda\/wp-json\/wp\/v2\/product_brand?post=987515800"},{"taxonomy":"product_cat","embeddable":true,"href":"https:\/\/agenciaseolocal.eu\/bedda\/wp-json\/wp\/v2\/product_cat?post=987515800"},{"taxonomy":"product_tag","embeddable":true,"href":"https:\/\/agenciaseolocal.eu\/bedda\/wp-json\/wp\/v2\/product_tag?post=987515800"}],"curies":[{"name":"wp","href":"https:\/\/api.w.org\/{rel}","templated":true}]}}