{"id":987516717,"date":"2024-07-03T13:06:39","date_gmt":"2024-07-03T11:06:39","guid":{"rendered":"https:\/\/centrosbedda.com\/?post_type=product&#038;p=987516717"},"modified":"2025-06-04T08:41:37","modified_gmt":"2025-06-04T06:41:37","slug":"depilacion-laser-linea-interglutea-axilas-ingles-pubis-hombre","status":"publish","type":"product","link":"https:\/\/agenciaseolocal.eu\/bedda\/tratamientos\/depilacion-laser-linea-interglutea-axilas-ingles-pubis-hombre\/","title":{"rendered":"L\u00ednea intergl\u00fatea + Axilas + Ingles + Pubis"},"content":{"rendered":"","protected":false},"excerpt":{"rendered":"<div class=\"flex flex-grow flex-col max-w-full\">\n<div class=\"min-h-[20px] text-message flex flex-col items-start whitespace-pre-wrap break-words [.text-message+&amp;]:mt-5 juice:w-full juice:items-end overflow-x-auto gap-2\" dir=\"auto\" data-message-author-role=\"assistant\" data-message-id=\"00e8595c-73f6-4ad2-bf0e-4cc9310490d0\">\n<div class=\"flex w-full flex-col gap-1 juice:empty:hidden juice:first:pt-[3px]\">\n<div class=\"markdown prose w-full break-words dark:prose-invert light\">\n<p>Depilaci\u00f3n l\u00e1ser de zona \u00edntima y pies: piel suave y libre de vello para mayor comodidad y confianza.<\/p>\n<\/div>\n<\/div>\n<\/div>\n<\/div>\n<div class=\"mt-1 flex gap-3 empty:hidden juice:-ml-3\">\n<div class=\"items-center justify-start rounded-xl p-1 flex\">\n<div class=\"flex items-center\">\n<div class=\"flex items-center pb-0.5 juice:pb-0\">\n<div class=\"[&amp;_svg]:h-full [&amp;_svg]:w-full icon-md h-4 w-4\"><\/div>\n<\/div>\n<\/div>\n<\/div>\n<\/div>\n","protected":false},"featured_media":987518578,"template":"","meta":{"_et_pb_use_builder":"","_et_pb_old_content":"","_et_gb_content_width":"","_joinchat":[]},"product_brand":[],"product_cat":[68,56,55,42],"product_tag":[],"class_list":{"0":"post-987516717","1":"product","2":"type-product","3":"status-publish","4":"has-post-thumbnail","6":"product_cat-promociones-hombre","7":"product_cat-zona-inferior-hombre","8":"product_cat-zona-superior-hombre","9":"product_cat-hombre","10":"pa_sesiones-bono-5-sesiones","11":"pa_sesiones-tratamiento-10","12":"pa_sesiones-tratamiento-15","13":"pa_sesiones-1-sesion","14":"pa_sesiones-bono-3-sesiones","16":"first","17":"instock","18":"shipping-taxable","19":"purchasable","20":"product-type-variable","21":"has-default-attributes"},"yoast_head":"<!-- This site is optimized with the Yoast SEO plugin v25.9 - https:\/\/yoast.com\/wordpress\/plugins\/seo\/ -->\n<title>Depilaci\u00f3n l\u00e1ser zona intima + Axilas | bedda<\/title>\n<meta name=\"description\" content=\"La depilaci\u00f3n l\u00e1ser de zona intima + axilas para hombre en Centros bedda es la mejor opci\u00f3n para eliminar el vello. \u00a1Pide cita!\" \/>\n<meta name=\"robots\" content=\"noindex, follow, max-snippet:-1, max-image-preview:large, max-video-preview:-1\" \/>\n<meta property=\"og:locale\" content=\"es_ES\" \/>\n<meta property=\"og:type\" content=\"article\" \/>\n<meta property=\"og:title\" content=\"Depilaci\u00f3n l\u00e1ser zona intima + Axilas | bedda\" \/>\n<meta property=\"og:description\" content=\"La depilaci\u00f3n l\u00e1ser de zona intima + axilas para hombre en Centros bedda es la mejor opci\u00f3n para eliminar el vello. \u00a1Pide cita!\" \/>\n<meta property=\"og:url\" content=\"https:\/\/agenciaseolocal.eu\/bedda\/tratamientos\/depilacion-laser-linea-interglutea-axilas-ingles-pubis-hombre\/\" \/>\n<meta property=\"og:site_name\" content=\"Centros bedda\" \/>\n<meta property=\"article:publisher\" content=\"https:\/\/www.facebook.com\/centrobedda\" \/>\n<meta property=\"article:modified_time\" content=\"2025-06-04T06:41:37+00:00\" \/>\n<meta property=\"og:image\" content=\"https:\/\/agenciaseolocal.eu\/bedda\/wp-content\/uploads\/2025\/03\/hombre-tocandose-la-cara-promo-marzo-min.jpg\" \/>\n\t<meta property=\"og:image:width\" content=\"2000\" \/>\n\t<meta property=\"og:image:height\" content=\"2000\" \/>\n\t<meta property=\"og:image:type\" content=\"image\/jpeg\" \/>\n<meta name=\"twitter:card\" content=\"summary_large_image\" \/>\n<meta name=\"twitter:site\" content=\"@centrosbedda\" \/>\n<meta name=\"twitter:label1\" content=\"Tiempo de lectura\" \/>\n\t<meta name=\"twitter:data1\" content=\"1 minuto\" \/>\n<!-- \/ Yoast SEO plugin. -->","yoast_head_json":{"title":"Depilaci\u00f3n l\u00e1ser zona intima + Axilas | bedda","description":"La depilaci\u00f3n l\u00e1ser de zona intima + axilas para hombre en Centros bedda es la mejor opci\u00f3n para eliminar el vello. \u00a1Pide cita!","robots":{"index":"noindex","follow":"follow","max-snippet":"max-snippet:-1","max-image-preview":"max-image-preview:large","max-video-preview":"max-video-preview:-1"},"og_locale":"es_ES","og_type":"article","og_title":"Depilaci\u00f3n l\u00e1ser zona intima + Axilas | bedda","og_description":"La depilaci\u00f3n l\u00e1ser de zona intima + axilas para hombre en Centros bedda es la mejor opci\u00f3n para eliminar el vello. \u00a1Pide cita!","og_url":"https:\/\/agenciaseolocal.eu\/bedda\/tratamientos\/depilacion-laser-linea-interglutea-axilas-ingles-pubis-hombre\/","og_site_name":"Centros bedda","article_publisher":"https:\/\/www.facebook.com\/centrobedda","article_modified_time":"2025-06-04T06:41:37+00:00","og_image":[{"width":2000,"height":2000,"url":"https:\/\/agenciaseolocal.eu\/bedda\/wp-content\/uploads\/2025\/03\/hombre-tocandose-la-cara-promo-marzo-min.jpg","type":"image\/jpeg"}],"twitter_card":"summary_large_image","twitter_site":"@centrosbedda","twitter_misc":{"Tiempo de lectura":"1 minuto"},"schema":{"@context":"https:\/\/schema.org","@graph":[{"@type":"WebPage","@id":"https:\/\/agenciaseolocal.eu\/bedda\/tratamientos\/depilacion-laser-linea-interglutea-axilas-ingles-pubis-hombre\/","url":"https:\/\/agenciaseolocal.eu\/bedda\/tratamientos\/depilacion-laser-linea-interglutea-axilas-ingles-pubis-hombre\/","name":"Depilaci\u00f3n l\u00e1ser zona intima + Axilas | bedda","isPartOf":{"@id":"https:\/\/agenciaseolocal.eu\/bedda\/#website"},"primaryImageOfPage":{"@id":"https:\/\/agenciaseolocal.eu\/bedda\/tratamientos\/depilacion-laser-linea-interglutea-axilas-ingles-pubis-hombre\/#primaryimage"},"image":{"@id":"https:\/\/agenciaseolocal.eu\/bedda\/tratamientos\/depilacion-laser-linea-interglutea-axilas-ingles-pubis-hombre\/#primaryimage"},"thumbnailUrl":"https:\/\/agenciaseolocal.eu\/bedda\/wp-content\/uploads\/2025\/03\/hombre-tocandose-la-cara-promo-marzo-min.jpg","datePublished":"2024-07-03T11:06:39+00:00","dateModified":"2025-06-04T06:41:37+00:00","description":"La depilaci\u00f3n l\u00e1ser de zona intima + axilas para hombre en Centros bedda es la mejor opci\u00f3n para eliminar el vello. \u00a1Pide cita!","breadcrumb":{"@id":"https:\/\/agenciaseolocal.eu\/bedda\/tratamientos\/depilacion-laser-linea-interglutea-axilas-ingles-pubis-hombre\/#breadcrumb"},"inLanguage":"es","potentialAction":[{"@type":"ReadAction","target":["https:\/\/agenciaseolocal.eu\/bedda\/tratamientos\/depilacion-laser-linea-interglutea-axilas-ingles-pubis-hombre\/"]}]},{"@type":"ImageObject","inLanguage":"es","@id":"https:\/\/agenciaseolocal.eu\/bedda\/tratamientos\/depilacion-laser-linea-interglutea-axilas-ingles-pubis-hombre\/#primaryimage","url":"https:\/\/agenciaseolocal.eu\/bedda\/wp-content\/uploads\/2025\/03\/hombre-tocandose-la-cara-promo-marzo-min.jpg","contentUrl":"https:\/\/agenciaseolocal.eu\/bedda\/wp-content\/uploads\/2025\/03\/hombre-tocandose-la-cara-promo-marzo-min.jpg","width":2000,"height":2000,"caption":"hombre tocandose la cara promo marzo-min"},{"@type":"BreadcrumbList","@id":"https:\/\/agenciaseolocal.eu\/bedda\/tratamientos\/depilacion-laser-linea-interglutea-axilas-ingles-pubis-hombre\/#breadcrumb","itemListElement":[{"@type":"ListItem","position":1,"name":"Portada","item":"https:\/\/agenciaseolocal.eu\/bedda\/"},{"@type":"ListItem","position":2,"name":"Tienda","item":"https:\/\/agenciaseolocal.eu\/bedda\/tienda\/"},{"@type":"ListItem","position":3,"name":"L\u00ednea intergl\u00fatea + Axilas + Ingles + Pubis"}]},{"@type":"WebSite","@id":"https:\/\/agenciaseolocal.eu\/bedda\/#website","url":"https:\/\/agenciaseolocal.eu\/bedda\/","name":"Centros bedda","description":"Centro de depilaci\u00f3n l\u00e1ser","publisher":{"@id":"https:\/\/agenciaseolocal.eu\/bedda\/#organization"},"potentialAction":[{"@type":"SearchAction","target":{"@type":"EntryPoint","urlTemplate":"https:\/\/agenciaseolocal.eu\/bedda\/?s={search_term_string}"},"query-input":{"@type":"PropertyValueSpecification","valueRequired":true,"valueName":"search_term_string"}}],"inLanguage":"es"},{"@type":"Organization","@id":"https:\/\/agenciaseolocal.eu\/bedda\/#organization","name":"Centros bedda","url":"https:\/\/agenciaseolocal.eu\/bedda\/","logo":{"@type":"ImageObject","inLanguage":"es","@id":"https:\/\/agenciaseolocal.eu\/bedda\/#\/schema\/logo\/image\/","url":"https:\/\/agenciaseolocal.eu\/bedda\/wp-content\/uploads\/2024\/04\/centros-bedda-depilacion-laser-logo.png","contentUrl":"https:\/\/agenciaseolocal.eu\/bedda\/wp-content\/uploads\/2024\/04\/centros-bedda-depilacion-laser-logo.png","width":220,"height":220,"caption":"Centros bedda"},"image":{"@id":"https:\/\/agenciaseolocal.eu\/bedda\/#\/schema\/logo\/image\/"},"sameAs":["https:\/\/www.facebook.com\/centrobedda","https:\/\/x.com\/centrosbedda","https:\/\/www.youtube.com\/channel\/UCV57tDnQcnHfTici1funk4g?app=desktop","https:\/\/www.instagram.com\/centrosbedda\/","https:\/\/www.linkedin.com\/company\/centros-bedda\/"]}]}},"_links":{"self":[{"href":"https:\/\/agenciaseolocal.eu\/bedda\/wp-json\/wp\/v2\/product\/987516717","targetHints":{"allow":["GET"]}}],"collection":[{"href":"https:\/\/agenciaseolocal.eu\/bedda\/wp-json\/wp\/v2\/product"}],"about":[{"href":"https:\/\/agenciaseolocal.eu\/bedda\/wp-json\/wp\/v2\/types\/product"}],"wp:featuredmedia":[{"embeddable":true,"href":"https:\/\/agenciaseolocal.eu\/bedda\/wp-json\/wp\/v2\/media\/987518578"}],"wp:attachment":[{"href":"https:\/\/agenciaseolocal.eu\/bedda\/wp-json\/wp\/v2\/media?parent=987516717"}],"wp:term":[{"taxonomy":"product_brand","embeddable":true,"href":"https:\/\/agenciaseolocal.eu\/bedda\/wp-json\/wp\/v2\/product_brand?post=987516717"},{"taxonomy":"product_cat","embeddable":true,"href":"https:\/\/agenciaseolocal.eu\/bedda\/wp-json\/wp\/v2\/product_cat?post=987516717"},{"taxonomy":"product_tag","embeddable":true,"href":"https:\/\/agenciaseolocal.eu\/bedda\/wp-json\/wp\/v2\/product_tag?post=987516717"}],"curies":[{"name":"wp","href":"https:\/\/api.w.org\/{rel}","templated":true}]}}