{"id":987517449,"date":"2024-08-29T12:43:31","date_gmt":"2024-08-29T10:43:31","guid":{"rendered":"https:\/\/centrosbedda.com\/?post_type=product&#038;p=987517449"},"modified":"2024-08-29T12:46:27","modified_gmt":"2024-08-29T10:46:27","slug":"tratamiento-radiofrecuencia-corporal-reafirmante","status":"publish","type":"product","link":"https:\/\/agenciaseolocal.eu\/bedda\/tratamientos\/tratamiento-radiofrecuencia-corporal-reafirmante\/","title":{"rendered":"Radiofrecuencia corporal reafirmante"},"content":{"rendered":"<p><span style=\"font-weight: 400;\">La radiofrecuencia corporal es un procedimiento est\u00e9tico que ha ganado popularidad en los \u00faltimos a\u00f1os debido a sus numerosos beneficios para la piel y el cuerpo. Esta t\u00e9cnica revolucionaria utiliza ondas de radiofrecuencia para <\/span><b>estimular la producci\u00f3n de col\u00e1geno y mejorar la apariencia de la piel <\/b><span style=\"font-weight: 400;\">en diferentes \u00e1reas del cuerpo.<\/span><\/p>\n<p>En centros bedda contamos con un tratamiento de \u00faltima generaci\u00f3n que combina tres tipos de radiofrecuencia a la vez junto con la tecnolog\u00eda de vacumterapia (succi\u00f3n). Por un lado, la radiofrecuencia que emite tres frecuencias diferentes alcanza todas las capas de la piel al mismo tiempo realizando una termolip\u00f3lisis, reduciendo el tama\u00f1o de los adipocitos y, por lo tanto, disminuyendo la grasa localizada y la celulitis; remodela el contorno corporal, tensa y reafirma la piel a la vez; y, por otro lado, con la vacumterapia se maximiza la penetraci\u00f3n de la radiofrecuencia en la zona deseada y se mejora el drenaje linf\u00e1tico, potenciando a\u00fan m\u00e1s los efectos del tratamiento. Se consigue reducir la celulitis, reafirmar y remodelar el contorno corporal en zonas deseadas como brazos, piernas, abdomen, gl\u00fateo, cartuchera, etc.<\/p>\n<p>&nbsp;<\/p>\n","protected":false},"excerpt":{"rendered":"<p>Descubre la belleza de tu cuerpo con Radiofrecuencia Corporal: remodela, tonifica y rejuvenece tu figura.<\/p>\n","protected":false},"featured_media":987514427,"template":"","meta":{"_et_pb_use_builder":"","_et_pb_old_content":"","_et_gb_content_width":"","_joinchat":[]},"product_brand":[],"product_cat":[78,74,46],"product_tag":[],"class_list":{"0":"post-987517449","1":"product","2":"type-product","3":"status-publish","4":"has-post-thumbnail","6":"product_cat-estetica-corporal","7":"product_cat-reafirmante","8":"product_cat-radiofrecuencia","9":"pa_sesiones-1-sesion-radiofrecuencia-presoterapia","10":"pa_sesiones-6-sesiones-radiofrecuencia-presoterapia","12":"first","13":"instock","14":"featured","15":"shipping-taxable","16":"purchasable","17":"product-type-variable","18":"has-default-attributes"},"yoast_head":"<!-- This site is optimized with the Yoast SEO plugin v25.9 - https:\/\/yoast.com\/wordpress\/plugins\/seo\/ -->\n<title>Radiofrecuencia corporal reafirmante | Centros bedda<\/title>\n<meta name=\"description\" content=\"\u00bfEst\u00e1s buscando una cl\u00ednica que ofrezca tratamientos de radiofrecuencia reafirmante? En Centros bedda somos expertos en estos tratamientos. \u00a1Vis\u00edtanos!\" \/>\n<meta name=\"robots\" content=\"noindex, follow, max-snippet:-1, max-image-preview:large, max-video-preview:-1\" \/>\n<meta property=\"og:locale\" content=\"es_ES\" \/>\n<meta property=\"og:type\" content=\"article\" \/>\n<meta property=\"og:title\" content=\"Radiofrecuencia corporal reafirmante | Centros bedda\" \/>\n<meta property=\"og:description\" content=\"\u00bfEst\u00e1s buscando una cl\u00ednica que ofrezca tratamientos de radiofrecuencia reafirmante? En Centros bedda somos expertos en estos tratamientos. \u00a1Vis\u00edtanos!\" \/>\n<meta property=\"og:url\" content=\"https:\/\/agenciaseolocal.eu\/bedda\/tratamientos\/tratamiento-radiofrecuencia-corporal-bedda\/\" \/>\n<meta property=\"og:site_name\" content=\"Centros bedda\" \/>\n<meta property=\"article:publisher\" content=\"https:\/\/www.facebook.com\/centrobedda\" \/>\n<meta property=\"article:modified_time\" content=\"2024-08-29T10:46:27+00:00\" \/>\n<meta property=\"og:image\" content=\"https:\/\/agenciaseolocal.eu\/bedda\/wp-content\/uploads\/2023\/06\/clienta-aplicandose-radiofrecuencia-corporal.jpg\" \/>\n\t<meta property=\"og:image:width\" content=\"1080\" \/>\n\t<meta property=\"og:image:height\" content=\"1080\" \/>\n\t<meta property=\"og:image:type\" content=\"image\/jpeg\" \/>\n<meta name=\"twitter:card\" content=\"summary_large_image\" \/>\n<meta name=\"twitter:site\" content=\"@centrosbedda\" \/>\n<meta name=\"twitter:label1\" content=\"Tiempo de lectura\" \/>\n\t<meta name=\"twitter:data1\" content=\"2 minutos\" \/>\n<!-- \/ Yoast SEO plugin. -->","yoast_head_json":{"title":"Radiofrecuencia corporal reafirmante | Centros bedda","description":"\u00bfEst\u00e1s buscando una cl\u00ednica que ofrezca tratamientos de radiofrecuencia reafirmante? En Centros bedda somos expertos en estos tratamientos. \u00a1Vis\u00edtanos!","robots":{"index":"noindex","follow":"follow","max-snippet":"max-snippet:-1","max-image-preview":"max-image-preview:large","max-video-preview":"max-video-preview:-1"},"og_locale":"es_ES","og_type":"article","og_title":"Radiofrecuencia corporal reafirmante | Centros bedda","og_description":"\u00bfEst\u00e1s buscando una cl\u00ednica que ofrezca tratamientos de radiofrecuencia reafirmante? En Centros bedda somos expertos en estos tratamientos. \u00a1Vis\u00edtanos!","og_url":"https:\/\/agenciaseolocal.eu\/bedda\/tratamientos\/tratamiento-radiofrecuencia-corporal-bedda\/","og_site_name":"Centros bedda","article_publisher":"https:\/\/www.facebook.com\/centrobedda","article_modified_time":"2024-08-29T10:46:27+00:00","og_image":[{"width":1080,"height":1080,"url":"https:\/\/agenciaseolocal.eu\/bedda\/wp-content\/uploads\/2023\/06\/clienta-aplicandose-radiofrecuencia-corporal.jpg","type":"image\/jpeg"}],"twitter_card":"summary_large_image","twitter_site":"@centrosbedda","twitter_misc":{"Tiempo de lectura":"2 minutos"},"schema":{"@context":"https:\/\/schema.org","@graph":[{"@type":"WebPage","@id":"https:\/\/agenciaseolocal.eu\/bedda\/tratamientos\/tratamiento-radiofrecuencia-corporal-reafirmante\/","url":"https:\/\/agenciaseolocal.eu\/bedda\/tratamientos\/tratamiento-radiofrecuencia-corporal-bedda\/","name":"Radiofrecuencia corporal reafirmante | Centros bedda","isPartOf":{"@id":"https:\/\/agenciaseolocal.eu\/bedda\/#website"},"primaryImageOfPage":{"@id":"https:\/\/agenciaseolocal.eu\/bedda\/tratamientos\/tratamiento-radiofrecuencia-corporal-bedda\/#primaryimage"},"image":{"@id":"https:\/\/agenciaseolocal.eu\/bedda\/tratamientos\/tratamiento-radiofrecuencia-corporal-bedda\/#primaryimage"},"thumbnailUrl":"https:\/\/agenciaseolocal.eu\/bedda\/wp-content\/uploads\/2023\/06\/clienta-aplicandose-radiofrecuencia-corporal.jpg","datePublished":"2024-08-29T10:43:31+00:00","dateModified":"2024-08-29T10:46:27+00:00","description":"\u00bfEst\u00e1s buscando una cl\u00ednica que ofrezca tratamientos de radiofrecuencia reafirmante? En Centros bedda somos expertos en estos tratamientos. \u00a1Vis\u00edtanos!","breadcrumb":{"@id":"https:\/\/agenciaseolocal.eu\/bedda\/tratamientos\/tratamiento-radiofrecuencia-corporal-bedda\/#breadcrumb"},"inLanguage":"es","potentialAction":[{"@type":"ReadAction","target":["https:\/\/agenciaseolocal.eu\/bedda\/tratamientos\/tratamiento-radiofrecuencia-corporal-bedda\/"]}]},{"@type":"ImageObject","inLanguage":"es","@id":"https:\/\/agenciaseolocal.eu\/bedda\/tratamientos\/tratamiento-radiofrecuencia-corporal-bedda\/#primaryimage","url":"https:\/\/agenciaseolocal.eu\/bedda\/wp-content\/uploads\/2023\/06\/clienta-aplicandose-radiofrecuencia-corporal.jpg","contentUrl":"https:\/\/agenciaseolocal.eu\/bedda\/wp-content\/uploads\/2023\/06\/clienta-aplicandose-radiofrecuencia-corporal.jpg","width":1080,"height":1080,"caption":"clienta aplicandose radiofrecuencia corporal"},{"@type":"BreadcrumbList","@id":"https:\/\/agenciaseolocal.eu\/bedda\/tratamientos\/tratamiento-radiofrecuencia-corporal-bedda\/#breadcrumb","itemListElement":[{"@type":"ListItem","position":1,"name":"Portada","item":"https:\/\/agenciaseolocal.eu\/bedda\/"},{"@type":"ListItem","position":2,"name":"Tienda","item":"https:\/\/agenciaseolocal.eu\/bedda\/tienda\/"},{"@type":"ListItem","position":3,"name":"Radiofrecuencia corporal reafirmante"}]},{"@type":"WebSite","@id":"https:\/\/agenciaseolocal.eu\/bedda\/#website","url":"https:\/\/agenciaseolocal.eu\/bedda\/","name":"Centros bedda","description":"Centro de depilaci\u00f3n l\u00e1ser","publisher":{"@id":"https:\/\/agenciaseolocal.eu\/bedda\/#organization"},"potentialAction":[{"@type":"SearchAction","target":{"@type":"EntryPoint","urlTemplate":"https:\/\/agenciaseolocal.eu\/bedda\/?s={search_term_string}"},"query-input":{"@type":"PropertyValueSpecification","valueRequired":true,"valueName":"search_term_string"}}],"inLanguage":"es"},{"@type":"Organization","@id":"https:\/\/agenciaseolocal.eu\/bedda\/#organization","name":"Centros bedda","url":"https:\/\/agenciaseolocal.eu\/bedda\/","logo":{"@type":"ImageObject","inLanguage":"es","@id":"https:\/\/agenciaseolocal.eu\/bedda\/#\/schema\/logo\/image\/","url":"https:\/\/agenciaseolocal.eu\/bedda\/wp-content\/uploads\/2024\/04\/centros-bedda-depilacion-laser-logo.png","contentUrl":"https:\/\/agenciaseolocal.eu\/bedda\/wp-content\/uploads\/2024\/04\/centros-bedda-depilacion-laser-logo.png","width":220,"height":220,"caption":"Centros bedda"},"image":{"@id":"https:\/\/agenciaseolocal.eu\/bedda\/#\/schema\/logo\/image\/"},"sameAs":["https:\/\/www.facebook.com\/centrobedda","https:\/\/x.com\/centrosbedda","https:\/\/www.youtube.com\/channel\/UCV57tDnQcnHfTici1funk4g?app=desktop","https:\/\/www.instagram.com\/centrosbedda\/","https:\/\/www.linkedin.com\/company\/centros-bedda\/"]}]}},"_links":{"self":[{"href":"https:\/\/agenciaseolocal.eu\/bedda\/wp-json\/wp\/v2\/product\/987517449","targetHints":{"allow":["GET"]}}],"collection":[{"href":"https:\/\/agenciaseolocal.eu\/bedda\/wp-json\/wp\/v2\/product"}],"about":[{"href":"https:\/\/agenciaseolocal.eu\/bedda\/wp-json\/wp\/v2\/types\/product"}],"wp:featuredmedia":[{"embeddable":true,"href":"https:\/\/agenciaseolocal.eu\/bedda\/wp-json\/wp\/v2\/media\/987514427"}],"wp:attachment":[{"href":"https:\/\/agenciaseolocal.eu\/bedda\/wp-json\/wp\/v2\/media?parent=987517449"}],"wp:term":[{"taxonomy":"product_brand","embeddable":true,"href":"https:\/\/agenciaseolocal.eu\/bedda\/wp-json\/wp\/v2\/product_brand?post=987517449"},{"taxonomy":"product_cat","embeddable":true,"href":"https:\/\/agenciaseolocal.eu\/bedda\/wp-json\/wp\/v2\/product_cat?post=987517449"},{"taxonomy":"product_tag","embeddable":true,"href":"https:\/\/agenciaseolocal.eu\/bedda\/wp-json\/wp\/v2\/product_tag?post=987517449"}],"curies":[{"name":"wp","href":"https:\/\/api.w.org\/{rel}","templated":true}]}}