{"id":987517457,"date":"2024-08-29T12:56:39","date_gmt":"2024-08-29T10:56:39","guid":{"rendered":"https:\/\/centrosbedda.com\/?post_type=product&#038;p=987517457"},"modified":"2024-08-29T12:58:18","modified_gmt":"2024-08-29T10:58:18","slug":"tratamiento-anticelulitis-reafirmante","status":"publish","type":"product","link":"https:\/\/agenciaseolocal.eu\/bedda\/tratamientos\/tratamiento-anticelulitis-reafirmante\/","title":{"rendered":"Tratamiento anticelulitis reafirmante"},"content":{"rendered":"<p><span style=\"font-weight: 400;\">La celulitis es un problema que muchas personas enfrentan en su vida. Puede <\/span><b>afectar la apariencia de la piel y causar incomodidad<\/b><span style=\"font-weight: 400;\">. Afortunadamente, existen diferentes tratamientos anticelulitis disponibles en el mercado que pueden ayudar a combatir este problema.<\/span><\/p>\n<p>La presoterapia como tratamiento anticelul\u00edtico es aconsejable combinarlo con otros tratamientos como la radiofrecuencia o la mesoterapia para potenciar el resultado.<\/p>\n<p><strong>Radiofrecuencia:<\/strong> A coru\u00f1a, Parque Principado, Gij\u00f3n Alcampo, Burgos, Bilbao Zubiarte, San Bartolom\u00e9, Ir\u00fan, Pamplona\/Iru\u00f1a.<\/p>\n<p><strong>Mesoterapia:<\/strong> A coru\u00f1a, Lugo, Gij\u00f3n Alcampo, Burgos, bilbao Zubiarte e Ir\u00fan.<\/p>\n<p>&nbsp;<\/p>\n","protected":false},"excerpt":{"rendered":"<p>Combate la celulitis y luce una piel suave con nuestra presoterapia: la soluci\u00f3n efectiva para tu cuerpo.<\/p>\n","protected":false},"featured_media":27390,"template":"","meta":{"_et_pb_use_builder":"","_et_pb_old_content":"","_et_gb_content_width":"","_joinchat":[]},"product_brand":[],"product_cat":[73,78,74,45],"product_tag":[],"class_list":{"0":"post-987517457","1":"product","2":"type-product","3":"status-publish","4":"has-post-thumbnail","6":"product_cat-anticelulitis","7":"product_cat-estetica-corporal","8":"product_cat-reafirmante","9":"product_cat-presoterapia","10":"pa_sesiones-1-sesion","11":"pa_sesiones-bono-3-sesiones","12":"pa_sesiones-bono-10-sesiones","14":"first","15":"instock","16":"featured","17":"shipping-taxable","18":"purchasable","19":"product-type-variable","20":"has-default-attributes"},"yoast_head":"<!-- This site is optimized with the Yoast SEO plugin v25.9 - https:\/\/yoast.com\/wordpress\/plugins\/seo\/ -->\n<title>Tratamiento anticelulitis reafirmante | Centros bedda<\/title>\n<meta name=\"description\" content=\"\u00bfEst\u00e1s buscando una cl\u00ednica que ofrezca tratamiento anticelulitis reafirmante? En Centros bedda somos expertos en estos tratamientos. \u00a1Vis\u00edtanos!\" \/>\n<meta name=\"robots\" content=\"noindex, follow, max-snippet:-1, max-image-preview:large, max-video-preview:-1\" \/>\n<meta property=\"og:locale\" content=\"es_ES\" \/>\n<meta property=\"og:type\" content=\"article\" \/>\n<meta property=\"og:title\" content=\"Tratamiento anticelulitis reafirmante | Centros bedda\" \/>\n<meta property=\"og:description\" content=\"\u00bfEst\u00e1s buscando una cl\u00ednica que ofrezca tratamiento anticelulitis reafirmante? En Centros bedda somos expertos en estos tratamientos. \u00a1Vis\u00edtanos!\" \/>\n<meta property=\"og:url\" content=\"https:\/\/agenciaseolocal.eu\/bedda\/tratamientos\/tratamiento-anticelulitis-bedda\/\" \/>\n<meta property=\"og:site_name\" content=\"Centros bedda\" \/>\n<meta property=\"article:publisher\" content=\"https:\/\/www.facebook.com\/centrobedda\" \/>\n<meta property=\"article:modified_time\" content=\"2024-08-29T10:58:18+00:00\" \/>\n<meta property=\"og:image\" content=\"https:\/\/agenciaseolocal.eu\/bedda\/wp-content\/uploads\/2023\/06\/presoterapia-anticelulitis-bedda.webp\" \/>\n\t<meta property=\"og:image:width\" content=\"1080\" \/>\n\t<meta property=\"og:image:height\" content=\"1080\" \/>\n\t<meta property=\"og:image:type\" content=\"image\/webp\" \/>\n<meta name=\"twitter:card\" content=\"summary_large_image\" \/>\n<meta name=\"twitter:site\" content=\"@centrosbedda\" \/>\n<meta name=\"twitter:label1\" content=\"Tiempo de lectura\" \/>\n\t<meta name=\"twitter:data1\" content=\"1 minuto\" \/>\n<!-- \/ Yoast SEO plugin. -->","yoast_head_json":{"title":"Tratamiento anticelulitis reafirmante | Centros bedda","description":"\u00bfEst\u00e1s buscando una cl\u00ednica que ofrezca tratamiento anticelulitis reafirmante? En Centros bedda somos expertos en estos tratamientos. \u00a1Vis\u00edtanos!","robots":{"index":"noindex","follow":"follow","max-snippet":"max-snippet:-1","max-image-preview":"max-image-preview:large","max-video-preview":"max-video-preview:-1"},"og_locale":"es_ES","og_type":"article","og_title":"Tratamiento anticelulitis reafirmante | Centros bedda","og_description":"\u00bfEst\u00e1s buscando una cl\u00ednica que ofrezca tratamiento anticelulitis reafirmante? En Centros bedda somos expertos en estos tratamientos. \u00a1Vis\u00edtanos!","og_url":"https:\/\/agenciaseolocal.eu\/bedda\/tratamientos\/tratamiento-anticelulitis-bedda\/","og_site_name":"Centros bedda","article_publisher":"https:\/\/www.facebook.com\/centrobedda","article_modified_time":"2024-08-29T10:58:18+00:00","og_image":[{"width":1080,"height":1080,"url":"https:\/\/agenciaseolocal.eu\/bedda\/wp-content\/uploads\/2023\/06\/presoterapia-anticelulitis-bedda.webp","type":"image\/webp"}],"twitter_card":"summary_large_image","twitter_site":"@centrosbedda","twitter_misc":{"Tiempo de lectura":"1 minuto"},"schema":{"@context":"https:\/\/schema.org","@graph":[{"@type":"WebPage","@id":"https:\/\/agenciaseolocal.eu\/bedda\/tratamientos\/tratamiento-anticelulitis-reafirmante\/","url":"https:\/\/agenciaseolocal.eu\/bedda\/tratamientos\/tratamiento-anticelulitis-bedda\/","name":"Tratamiento anticelulitis reafirmante | Centros bedda","isPartOf":{"@id":"https:\/\/agenciaseolocal.eu\/bedda\/#website"},"primaryImageOfPage":{"@id":"https:\/\/agenciaseolocal.eu\/bedda\/tratamientos\/tratamiento-anticelulitis-bedda\/#primaryimage"},"image":{"@id":"https:\/\/agenciaseolocal.eu\/bedda\/tratamientos\/tratamiento-anticelulitis-bedda\/#primaryimage"},"thumbnailUrl":"https:\/\/agenciaseolocal.eu\/bedda\/wp-content\/uploads\/2023\/06\/presoterapia-anticelulitis-bedda.webp","datePublished":"2024-08-29T10:56:39+00:00","dateModified":"2024-08-29T10:58:18+00:00","description":"\u00bfEst\u00e1s buscando una cl\u00ednica que ofrezca tratamiento anticelulitis reafirmante? En Centros bedda somos expertos en estos tratamientos. \u00a1Vis\u00edtanos!","breadcrumb":{"@id":"https:\/\/agenciaseolocal.eu\/bedda\/tratamientos\/tratamiento-anticelulitis-bedda\/#breadcrumb"},"inLanguage":"es","potentialAction":[{"@type":"ReadAction","target":["https:\/\/agenciaseolocal.eu\/bedda\/tratamientos\/tratamiento-anticelulitis-bedda\/"]}]},{"@type":"ImageObject","inLanguage":"es","@id":"https:\/\/agenciaseolocal.eu\/bedda\/tratamientos\/tratamiento-anticelulitis-bedda\/#primaryimage","url":"https:\/\/agenciaseolocal.eu\/bedda\/wp-content\/uploads\/2023\/06\/presoterapia-anticelulitis-bedda.webp","contentUrl":"https:\/\/agenciaseolocal.eu\/bedda\/wp-content\/uploads\/2023\/06\/presoterapia-anticelulitis-bedda.webp","width":1080,"height":1080,"caption":"presoterapia anticelulitis bedda"},{"@type":"BreadcrumbList","@id":"https:\/\/agenciaseolocal.eu\/bedda\/tratamientos\/tratamiento-anticelulitis-bedda\/#breadcrumb","itemListElement":[{"@type":"ListItem","position":1,"name":"Portada","item":"https:\/\/agenciaseolocal.eu\/bedda\/"},{"@type":"ListItem","position":2,"name":"Tienda","item":"https:\/\/agenciaseolocal.eu\/bedda\/tienda\/"},{"@type":"ListItem","position":3,"name":"Tratamiento anticelulitis reafirmante"}]},{"@type":"WebSite","@id":"https:\/\/agenciaseolocal.eu\/bedda\/#website","url":"https:\/\/agenciaseolocal.eu\/bedda\/","name":"Centros bedda","description":"Centro de depilaci\u00f3n l\u00e1ser","publisher":{"@id":"https:\/\/agenciaseolocal.eu\/bedda\/#organization"},"potentialAction":[{"@type":"SearchAction","target":{"@type":"EntryPoint","urlTemplate":"https:\/\/agenciaseolocal.eu\/bedda\/?s={search_term_string}"},"query-input":{"@type":"PropertyValueSpecification","valueRequired":true,"valueName":"search_term_string"}}],"inLanguage":"es"},{"@type":"Organization","@id":"https:\/\/agenciaseolocal.eu\/bedda\/#organization","name":"Centros bedda","url":"https:\/\/agenciaseolocal.eu\/bedda\/","logo":{"@type":"ImageObject","inLanguage":"es","@id":"https:\/\/agenciaseolocal.eu\/bedda\/#\/schema\/logo\/image\/","url":"https:\/\/agenciaseolocal.eu\/bedda\/wp-content\/uploads\/2024\/04\/centros-bedda-depilacion-laser-logo.png","contentUrl":"https:\/\/agenciaseolocal.eu\/bedda\/wp-content\/uploads\/2024\/04\/centros-bedda-depilacion-laser-logo.png","width":220,"height":220,"caption":"Centros bedda"},"image":{"@id":"https:\/\/agenciaseolocal.eu\/bedda\/#\/schema\/logo\/image\/"},"sameAs":["https:\/\/www.facebook.com\/centrobedda","https:\/\/x.com\/centrosbedda","https:\/\/www.youtube.com\/channel\/UCV57tDnQcnHfTici1funk4g?app=desktop","https:\/\/www.instagram.com\/centrosbedda\/","https:\/\/www.linkedin.com\/company\/centros-bedda\/"]}]}},"_links":{"self":[{"href":"https:\/\/agenciaseolocal.eu\/bedda\/wp-json\/wp\/v2\/product\/987517457","targetHints":{"allow":["GET"]}}],"collection":[{"href":"https:\/\/agenciaseolocal.eu\/bedda\/wp-json\/wp\/v2\/product"}],"about":[{"href":"https:\/\/agenciaseolocal.eu\/bedda\/wp-json\/wp\/v2\/types\/product"}],"wp:featuredmedia":[{"embeddable":true,"href":"https:\/\/agenciaseolocal.eu\/bedda\/wp-json\/wp\/v2\/media\/27390"}],"wp:attachment":[{"href":"https:\/\/agenciaseolocal.eu\/bedda\/wp-json\/wp\/v2\/media?parent=987517457"}],"wp:term":[{"taxonomy":"product_brand","embeddable":true,"href":"https:\/\/agenciaseolocal.eu\/bedda\/wp-json\/wp\/v2\/product_brand?post=987517457"},{"taxonomy":"product_cat","embeddable":true,"href":"https:\/\/agenciaseolocal.eu\/bedda\/wp-json\/wp\/v2\/product_cat?post=987517457"},{"taxonomy":"product_tag","embeddable":true,"href":"https:\/\/agenciaseolocal.eu\/bedda\/wp-json\/wp\/v2\/product_tag?post=987517457"}],"curies":[{"name":"wp","href":"https:\/\/api.w.org\/{rel}","templated":true}]}}