{"id":987517749,"date":"2024-10-29T08:45:23","date_gmt":"2024-10-29T07:45:23","guid":{"rendered":"https:\/\/centrosbedda.com\/?post_type=product&#038;p=987517749"},"modified":"2025-06-04T08:41:36","modified_gmt":"2025-06-04T06:41:36","slug":"promo-depilacion-laser-cuerpo-completo-mujer","status":"publish","type":"product","link":"https:\/\/agenciaseolocal.eu\/bedda\/tratamientos\/promo-depilacion-laser-cuerpo-completo-mujer\/","title":{"rendered":"Promo depilaci\u00f3n l\u00e1ser cuerpo completo mujer"},"content":{"rendered":"","protected":false},"excerpt":{"rendered":"<p>Obt\u00e9n una piel suave y libre de vello en todo el cuerpo con nuestra depilaci\u00f3n l\u00e1ser. Ideal para mujeres.<\/p>\n","protected":false},"featured_media":987518584,"template":"","meta":{"_et_pb_use_builder":"","_et_pb_old_content":"","_et_gb_content_width":"","_joinchat":[]},"product_brand":[],"product_cat":[67,43,41,40],"product_tag":[],"class_list":{"0":"post-987517749","1":"product","2":"type-product","3":"status-publish","4":"has-post-thumbnail","6":"product_cat-promociones-mujer","7":"product_cat-mujer","8":"product_cat-zona-inferior","9":"product_cat-zona-superior","10":"pa_sesiones-bono-5-sesiones","11":"pa_sesiones-tratamiento-10","12":"pa_sesiones-tratamiento-15","13":"pa_sesiones-1-sesion","14":"pa_sesiones-bono-3-sesiones","16":"first","17":"instock","18":"shipping-taxable","19":"purchasable","20":"product-type-variable","21":"has-default-attributes"},"yoast_head":"<!-- This site is optimized with the Yoast SEO plugin v25.9 - https:\/\/yoast.com\/wordpress\/plugins\/seo\/ -->\n<title>Depilaci\u00f3n l\u00e1ser completa mujer | bedda<\/title>\n<meta name=\"description\" content=\"Consigue una piel suave y sin vello en todo tu cuerpo con la depilaci\u00f3n l\u00e1ser para mujeres en Centros bedda. \u00a1Ven a conocernos!\" \/>\n<meta name=\"robots\" content=\"noindex, follow, max-snippet:-1, max-image-preview:large, max-video-preview:-1\" \/>\n<meta property=\"og:locale\" content=\"es_ES\" \/>\n<meta property=\"og:type\" content=\"article\" \/>\n<meta property=\"og:title\" content=\"Depilaci\u00f3n l\u00e1ser completa mujer | bedda\" \/>\n<meta property=\"og:description\" content=\"Consigue una piel suave y sin vello en todo tu cuerpo con la depilaci\u00f3n l\u00e1ser para mujeres en Centros bedda. \u00a1Ven a conocernos!\" \/>\n<meta property=\"og:url\" content=\"https:\/\/agenciaseolocal.eu\/bedda\/tratamientos\/promo-depilacion-laser-cuerpo-completo-mujer\/\" \/>\n<meta property=\"og:site_name\" content=\"Centros bedda\" \/>\n<meta property=\"article:publisher\" content=\"https:\/\/www.facebook.com\/centrobedda\" \/>\n<meta property=\"article:modified_time\" content=\"2025-06-04T06:41:36+00:00\" \/>\n<meta property=\"og:image\" content=\"https:\/\/agenciaseolocal.eu\/bedda\/wp-content\/uploads\/2025\/03\/mujer-tumbada-promo-marzo-cuerpo-entero-min.jpg\" \/>\n\t<meta property=\"og:image:width\" content=\"2000\" \/>\n\t<meta property=\"og:image:height\" content=\"2000\" \/>\n\t<meta property=\"og:image:type\" content=\"image\/jpeg\" \/>\n<meta name=\"twitter:card\" content=\"summary_large_image\" \/>\n<meta name=\"twitter:site\" content=\"@centrosbedda\" \/>\n<meta name=\"twitter:label1\" content=\"Tiempo de lectura\" \/>\n\t<meta name=\"twitter:data1\" content=\"1 minuto\" \/>\n<!-- \/ Yoast SEO plugin. -->","yoast_head_json":{"title":"Depilaci\u00f3n l\u00e1ser completa mujer | bedda","description":"Consigue una piel suave y sin vello en todo tu cuerpo con la depilaci\u00f3n l\u00e1ser para mujeres en Centros bedda. \u00a1Ven a conocernos!","robots":{"index":"noindex","follow":"follow","max-snippet":"max-snippet:-1","max-image-preview":"max-image-preview:large","max-video-preview":"max-video-preview:-1"},"og_locale":"es_ES","og_type":"article","og_title":"Depilaci\u00f3n l\u00e1ser completa mujer | bedda","og_description":"Consigue una piel suave y sin vello en todo tu cuerpo con la depilaci\u00f3n l\u00e1ser para mujeres en Centros bedda. \u00a1Ven a conocernos!","og_url":"https:\/\/agenciaseolocal.eu\/bedda\/tratamientos\/promo-depilacion-laser-cuerpo-completo-mujer\/","og_site_name":"Centros bedda","article_publisher":"https:\/\/www.facebook.com\/centrobedda","article_modified_time":"2025-06-04T06:41:36+00:00","og_image":[{"width":2000,"height":2000,"url":"https:\/\/agenciaseolocal.eu\/bedda\/wp-content\/uploads\/2025\/03\/mujer-tumbada-promo-marzo-cuerpo-entero-min.jpg","type":"image\/jpeg"}],"twitter_card":"summary_large_image","twitter_site":"@centrosbedda","twitter_misc":{"Tiempo de lectura":"1 minuto"},"schema":{"@context":"https:\/\/schema.org","@graph":[{"@type":"WebPage","@id":"https:\/\/agenciaseolocal.eu\/bedda\/tratamientos\/promo-depilacion-laser-cuerpo-completo-mujer\/","url":"https:\/\/agenciaseolocal.eu\/bedda\/tratamientos\/promo-depilacion-laser-cuerpo-completo-mujer\/","name":"Depilaci\u00f3n l\u00e1ser completa mujer | bedda","isPartOf":{"@id":"https:\/\/agenciaseolocal.eu\/bedda\/#website"},"primaryImageOfPage":{"@id":"https:\/\/agenciaseolocal.eu\/bedda\/tratamientos\/promo-depilacion-laser-cuerpo-completo-mujer\/#primaryimage"},"image":{"@id":"https:\/\/agenciaseolocal.eu\/bedda\/tratamientos\/promo-depilacion-laser-cuerpo-completo-mujer\/#primaryimage"},"thumbnailUrl":"https:\/\/agenciaseolocal.eu\/bedda\/wp-content\/uploads\/2025\/03\/mujer-tumbada-promo-marzo-cuerpo-entero-min.jpg","datePublished":"2024-10-29T07:45:23+00:00","dateModified":"2025-06-04T06:41:36+00:00","description":"Consigue una piel suave y sin vello en todo tu cuerpo con la depilaci\u00f3n l\u00e1ser para mujeres en Centros bedda. \u00a1Ven a conocernos!","breadcrumb":{"@id":"https:\/\/agenciaseolocal.eu\/bedda\/tratamientos\/promo-depilacion-laser-cuerpo-completo-mujer\/#breadcrumb"},"inLanguage":"es","potentialAction":[{"@type":"ReadAction","target":["https:\/\/agenciaseolocal.eu\/bedda\/tratamientos\/promo-depilacion-laser-cuerpo-completo-mujer\/"]}]},{"@type":"ImageObject","inLanguage":"es","@id":"https:\/\/agenciaseolocal.eu\/bedda\/tratamientos\/promo-depilacion-laser-cuerpo-completo-mujer\/#primaryimage","url":"https:\/\/agenciaseolocal.eu\/bedda\/wp-content\/uploads\/2025\/03\/mujer-tumbada-promo-marzo-cuerpo-entero-min.jpg","contentUrl":"https:\/\/agenciaseolocal.eu\/bedda\/wp-content\/uploads\/2025\/03\/mujer-tumbada-promo-marzo-cuerpo-entero-min.jpg","width":2000,"height":2000,"caption":"mujer tumbada promo marzo cuerpo entero-min"},{"@type":"BreadcrumbList","@id":"https:\/\/agenciaseolocal.eu\/bedda\/tratamientos\/promo-depilacion-laser-cuerpo-completo-mujer\/#breadcrumb","itemListElement":[{"@type":"ListItem","position":1,"name":"Portada","item":"https:\/\/agenciaseolocal.eu\/bedda\/"},{"@type":"ListItem","position":2,"name":"Tienda","item":"https:\/\/agenciaseolocal.eu\/bedda\/tienda\/"},{"@type":"ListItem","position":3,"name":"Promo depilaci\u00f3n l\u00e1ser cuerpo completo mujer"}]},{"@type":"WebSite","@id":"https:\/\/agenciaseolocal.eu\/bedda\/#website","url":"https:\/\/agenciaseolocal.eu\/bedda\/","name":"Centros bedda","description":"Centro de depilaci\u00f3n l\u00e1ser","publisher":{"@id":"https:\/\/agenciaseolocal.eu\/bedda\/#organization"},"potentialAction":[{"@type":"SearchAction","target":{"@type":"EntryPoint","urlTemplate":"https:\/\/agenciaseolocal.eu\/bedda\/?s={search_term_string}"},"query-input":{"@type":"PropertyValueSpecification","valueRequired":true,"valueName":"search_term_string"}}],"inLanguage":"es"},{"@type":"Organization","@id":"https:\/\/agenciaseolocal.eu\/bedda\/#organization","name":"Centros bedda","url":"https:\/\/agenciaseolocal.eu\/bedda\/","logo":{"@type":"ImageObject","inLanguage":"es","@id":"https:\/\/agenciaseolocal.eu\/bedda\/#\/schema\/logo\/image\/","url":"https:\/\/agenciaseolocal.eu\/bedda\/wp-content\/uploads\/2024\/04\/centros-bedda-depilacion-laser-logo.png","contentUrl":"https:\/\/agenciaseolocal.eu\/bedda\/wp-content\/uploads\/2024\/04\/centros-bedda-depilacion-laser-logo.png","width":220,"height":220,"caption":"Centros bedda"},"image":{"@id":"https:\/\/agenciaseolocal.eu\/bedda\/#\/schema\/logo\/image\/"},"sameAs":["https:\/\/www.facebook.com\/centrobedda","https:\/\/x.com\/centrosbedda","https:\/\/www.youtube.com\/channel\/UCV57tDnQcnHfTici1funk4g?app=desktop","https:\/\/www.instagram.com\/centrosbedda\/","https:\/\/www.linkedin.com\/company\/centros-bedda\/"]}]}},"_links":{"self":[{"href":"https:\/\/agenciaseolocal.eu\/bedda\/wp-json\/wp\/v2\/product\/987517749","targetHints":{"allow":["GET"]}}],"collection":[{"href":"https:\/\/agenciaseolocal.eu\/bedda\/wp-json\/wp\/v2\/product"}],"about":[{"href":"https:\/\/agenciaseolocal.eu\/bedda\/wp-json\/wp\/v2\/types\/product"}],"wp:featuredmedia":[{"embeddable":true,"href":"https:\/\/agenciaseolocal.eu\/bedda\/wp-json\/wp\/v2\/media\/987518584"}],"wp:attachment":[{"href":"https:\/\/agenciaseolocal.eu\/bedda\/wp-json\/wp\/v2\/media?parent=987517749"}],"wp:term":[{"taxonomy":"product_brand","embeddable":true,"href":"https:\/\/agenciaseolocal.eu\/bedda\/wp-json\/wp\/v2\/product_brand?post=987517749"},{"taxonomy":"product_cat","embeddable":true,"href":"https:\/\/agenciaseolocal.eu\/bedda\/wp-json\/wp\/v2\/product_cat?post=987517749"},{"taxonomy":"product_tag","embeddable":true,"href":"https:\/\/agenciaseolocal.eu\/bedda\/wp-json\/wp\/v2\/product_tag?post=987517749"}],"curies":[{"name":"wp","href":"https:\/\/api.w.org\/{rel}","templated":true}]}}